{"id":664,"date":"2017-03-23T11:05:13","date_gmt":"2017-03-23T10:05:13","guid":{"rendered":"http:\/\/rosaliadecastroexams.com\/aviso-legal\/"},"modified":"2024-11-06T10:07:59","modified_gmt":"2024-11-06T09:07:59","slug":"aviso-legal","status":"publish","type":"page","link":"https:\/\/rosaliadecastroexams.com\/pt-pt\/aviso-legal\/","title":{"rendered":"Aviso legal"},"content":{"rendered":"\n<p><strong>ASOCIACION ESCOLA ROSALIA DE CASTRO <\/strong>en cumplimiento de la Ley 34\/2002, de 11 de julio, de Servicios de la Sociedad de la Informaci\u00f3n y de Comercio Electr\u00f3nico, le informa:<\/p>\n\n\n\n<p>&#8211; Su denominaci\u00f3n social es ASOCIACION ESCOLA ROSALIA DE CASTRO&nbsp;<\/p>\n\n\n\n<p>&#8211; Su NIF es G36613966<\/p>\n\n\n\n<p>&#8211; Su domicilio se ubica en Carretera Bembrive, 91, 36214, Vigo (Pontevedra) Espa\u00f1a<\/p>\n\n\n\n<p>&#8211; Su tel\u00e9fono de contacto es 986420433-986420677\u00a0\u00a0<\/p>\n\n\n\n<p>&#8211; Est\u00e1 inscrita en el Registro Provincial de Asociaciones con el n\u00ba1976\/000336-1 (PO)<\/p>\n\n\n\n<p>&#8211; Y dispone de la siguiente direcci\u00f3n de correo electr\u00f3nico: cambridge@escolarosaliadecastro.edu.es.&nbsp;<\/p>\n\n\n\n<p><strong>Delegado de protecci\u00f3n de datos<\/strong><\/p>\n\n\n\n<p>Puede ponerse en contacto con el Delegado de Protecci\u00f3n de Datos en la siguiente direcci\u00f3n dpd@escolarosaliadecastro.edu.es.<\/p>\n\n\n\n<p><strong>PROTECCI\u00d3N DE DATOS PERSONALES<\/strong>&nbsp;<\/p>\n\n\n\n<p>Los datos personales vinculados a esta web respetan las exigencias del Reglamento (UE) 2016\/679 del Parlamento Europeo y del Consejo de 27 de abril de 2016 relativo a la protecci\u00f3n de las personas f\u00edsicas en lo que respecta al tratamiento de datos personales y a la libre circulaci\u00f3n de estos datos y dem\u00e1s legislaci\u00f3n y normativa vigente en materia de protecci\u00f3n de datos.<\/p>\n\n\n\n<p><strong>Responsable del tratamiento:<\/strong><\/p>\n\n\n\n<p>ASOCIACION ESCOLA ROSALIA DE CASTRO<\/p>\n\n\n\n<p>NIF: G36613966<\/p>\n\n\n\n<p>Direcci\u00f3n: Carretera Bembrive, 91, 36214, Vigo (Pontevedra) Espa\u00f1a<\/p>\n\n\n\n<p>Correo electr\u00f3nico: cambridge@escolarosaliadecastro.edu.es.&nbsp;<\/p>\n\n\n\n<p><strong>Finalidad y legitimaci\u00f3n del tratamiento<\/strong><\/p>\n\n\n\n<p>Atendiendo a las diferentes secciones de nuestra p\u00e1gina web, las finalidades con las que tratamos sus datos son:<\/p>\n\n\n\n<p>1. Formulario de contacto. Tratamos sus datos para gestionar y atender a las solicitudes de informaci\u00f3n, dudas, consultas, sugerencias o quejas relacionados con actividad del responsable que se realizan a trav\u00e9s de la p\u00e1gina web. Podemos tratar sus datos porque tenemos un inter\u00e9s leg\u00edtimo consistente en atender a las comunicaciones necesarias para poder llevar a cabo la actividad del Centro.<\/p>\n\n\n\n<p>2.&nbsp;Formulario inscripci\u00f3n a ex\u00e1menes Cambridge. Tratamos sus datos con las siguientes finalidades:<\/p>\n\n\n\n<p>2.1. Gesti\u00f3n de la relaci\u00f3n contractual. Podemos tratar sus datos con esta finalidad porque existe un contrato y un inter\u00e9s leg\u00edtimo en su ejecuci\u00f3n.<\/p>\n\n\n\n<p>2.2. Gesti\u00f3n contable. Podemos tratar sus datos con esta finalidad porque existe una obligaci\u00f3n legal establecida en la Ley Org\u00e1nica 1\/2002, de 22 de marzo, reguladora del Derecho de Asociaci\u00f3n.<\/p>\n\n\n\n<p>2.3. Gesti\u00f3n fiscal. Podemos tratar sus datos con esta finalidad porque existe una obligaci\u00f3n legal establecida en la Ley General Tributaria 58\/2003 y dem\u00e1s legislaci\u00f3n aplicable.<\/p>\n\n\n\n<p>2.4 Promoci\u00f3n de la actividad mediante el env\u00edo de comunicaciones promocionales. Podremos tratar sus datos con esta finalidad en caso de que nos d\u00e9 su consentimiento.<\/p>\n\n\n\n<p>3. Formulario inscripci\u00f3n como Centro Preparador. Tratamos sus datos para tramitar la solicitud y futura acreditaci\u00f3n como centro preparador. Podemos tratar sus datos con esta finalidad porque existe un contrato y un inter\u00e9s leg\u00edtimo en su ejecuci\u00f3n<\/p>\n\n\n\n<p><strong>Plazo de conservaci\u00f3n de los datos<\/strong><\/p>\n\n\n\n<p>Sus datos se conservar\u00e1n durante el tiempo necesario para cumplir con las finalidades indicadas y, debidamente bloqueados, durante el plazo de prescripci\u00f3n m\u00e1s amplio de conformidad con la legislaci\u00f3n aplicable.<\/p>\n\n\n\n<p><strong>Obligatoriedad de facilitar los datos:<\/strong><\/p>\n\n\n\n<p>En relaci\u00f3n con la gesti\u00f3n de las inscripciones a ex\u00e1menes Cambridge, los datos solicitados son necesarios para formalizar la relaci\u00f3n, de lo contrario no se podr\u00e1 celebrar ni ejecutar el contrato ni emitir las correspondientes facturas.<\/p>\n\n\n\n<p><strong>Destinatarios de datos:<\/strong><\/p>\n\n\n\n<p>1. Formulario de contacto y formulario inscripci\u00f3n como Centro Preparador: Sus datos podr\u00e1n ser comunicados a nuestros encargados de tratamiento cuando fuese necesario para la prestaci\u00f3n del servicio.<\/p>\n\n\n\n<p><strong>2. <\/strong><strong>Formulario inscripci\u00f3n a ex\u00e1menes Cambridge<\/strong><strong>:<\/strong><\/p>\n\n\n\n<p>a) Se comunicar\u00e1n a Cambridge Assessment para la gesti\u00f3n de los t\u00edtulos correspondientes.<\/p>\n\n\n\n<p>b) Se comunicar\u00e1n sus datos al Centro Preparador indicado con tal de realizar las comprobaciones oportunas.<\/p>\n\n\n\n<p>c) Se comunicar\u00e1n a la Administraci\u00f3n Tributaria los datos que sean necesarios para dar cumplimiento a las obligaciones legales con dicha Administraci\u00f3n.<\/p>\n\n\n\n<p>d) Se comunicar\u00e1n a las entidades bancarias los datos que sean necesarios para realizar los ingresos y pagos bancarios derivados de la relaci\u00f3n contractual.<\/p>\n\n\n\n<p>e) Se comunicar\u00e1n sus datos al Centro Preparador indicado con tal de realizar las comprobaciones oportunas.<\/p>\n\n\n\n<p>f) Se comunicar\u00e1n a compa\u00f1\u00edas aseguradoras y reaseguradoras, corredur\u00edas de seguros y reaseguros, abogados, procuradores, Juzgados y Tribunales, los datos que sean necesarios para el cobro\/abono de indemnizaciones o para la atenci\u00f3n, el ejercicio o defensa de reclamaciones.<\/p>\n\n\n\n<p>g) Se comunicar\u00e1n a nuestros encargados de tratamiento cuando sea necesario para la correcta prestaci\u00f3n de los servicios contratados a los mismos.<\/p>\n\n\n\n<p><strong>Transferencias internacionales de datos<\/strong><\/p>\n\n\n\n<p>No se van a realizar transferencias internacionales de datos.<\/p>\n\n\n\n<p><strong>Derechos de los interesados<\/strong><\/p>\n\n\n\n<p>&nbsp;&nbsp;&nbsp; &#8211; Acceso: derecho a obtener confirmaci\u00f3n sobre si estamos tratando datos personales suyos o no, a saber, cu\u00e1les son, para que se usan, cuanto tiempo se van a guardar, el origen de los mismos y si se han comunicado o se van a comunicar a un tercero.<\/p>\n\n\n\n<p>&nbsp;&nbsp;&nbsp; &#8211; Rectificaci\u00f3n: derecho a solicitar la rectificaci\u00f3n de los datos inexactos y a que se completen los datos personales incompletos.<\/p>\n\n\n\n<p>&nbsp;&nbsp;&nbsp; &#8211; Supresi\u00f3n: derecho a solicitar la supresi\u00f3n de los datos de car\u00e1cter personal cuando sean inadecuados, excesivos o ya no sean necesarios para los fines para los que fueron recogidos, incluido el derecho al olvido.<\/p>\n\n\n\n<p>&nbsp;&nbsp;&nbsp; &#8211; Oposici\u00f3n: derecho a oponerse, en determinadas circunstancias, a que se realice el tratamiento de sus datos personales o a solicitar que se cese en el tratamiento.<\/p>\n\n\n\n<p>&nbsp;&nbsp;&nbsp; &#8211; Limitaci\u00f3n del Tratamiento: derecho a solicitar, en las circunstancias establecidas legalmente, que no se traten sus datos m\u00e1s all\u00e1 de la mera conservaci\u00f3n de los mismos.<\/p>\n\n\n\n<p>&nbsp;&nbsp;&nbsp; &#8211; Portabilidad: derecho a recibir los datos de car\u00e1cter personal en un formato estructurado, de uso com\u00fan y lectura mec\u00e1nica, y poder transmitirlos a otro responsable, siempre que sea t\u00e9cnicamente posible.<\/p>\n\n\n\n<p>&nbsp;&nbsp;&nbsp; &#8211; Derecho a retirar el consentimiento: en caso de que la base de legitimaci\u00f3n para el tratamiento de sus datos sea su consentimiento, tiene derecho a retirarlo en cualquier momento. Si lo hace no se ver\u00e1n afectados los tratamientos de datos que se hayan podido realizar con anterioridad.<\/p>\n\n\n\n<p><strong>Ejercicio de derechos<\/strong><\/p>\n\n\n\n<p>El ejercicio de derechos deber\u00e1 efectuarse por escrito adjuntando fotocopia de su documento identificativo, y dirigirla a la siguiente direcci\u00f3n Carretera Bembrive, 91, 36214, Vigo (Pontevedra) Espa\u00f1a o al correo electr\u00f3nico cambridge@escolarosaliadecastro.edu.es. ASOCIACION ESCOLA ROSALIA DE CASTRO pone a su disposici\u00f3n modelos para la realizaci\u00f3n del ejercicio de derechos que pueden obtenerse en la direcci\u00f3n indicada anteriormente. Para m\u00e1s informaci\u00f3n: www.aepd.es.<\/p>\n\n\n\n<p><strong>Derecho a reclamar ante la Autoridad de Control<\/strong><\/p>\n\n\n\n<p>En el caso de que no se hayan respetado sus derechos puede presentar una reclamaci\u00f3n dirigi\u00e9ndose por escrito a la Agencia Espa\u00f1ola de Protecci\u00f3n de Datos sita en la calle Jorge Juan, 6-28001-Madrid o utilizar la sede electr\u00f3nica: https:\/\/sedeagpd.gob. En ambos casos, deber\u00e1 acompa\u00f1ar la documentaci\u00f3n pertinente.<\/p>\n","protected":false},"excerpt":{"rendered":"<p>ASOCIACION ESCOLA ROSALIA DE CASTRO en cumplimiento de la Ley 34\/2002, de 11 de julio, de Servicios de la Sociedad [&hellip;]<\/p>\n","protected":false},"author":1,"featured_media":0,"parent":0,"menu_order":0,"comment_status":"closed","ping_status":"closed","template":"","meta":[],"acf":[],"yoast_head":"<!-- This site is optimized with the Yoast SEO plugin v19.10 - https:\/\/yoast.com\/wordpress\/plugins\/seo\/ -->\n<title>Aviso legal - Cambridge English Examinations<\/title>\n<meta name=\"robots\" content=\"index, follow, max-snippet:-1, max-image-preview:large, max-video-preview:-1\" \/>\n<link rel=\"canonical\" href=\"https:\/\/rosaliadecastroexams.com\/pt-pt\/aviso-legal\/\" \/>\n<meta property=\"og:locale\" content=\"pt_PT\" \/>\n<meta property=\"og:type\" content=\"article\" \/>\n<meta property=\"og:title\" content=\"Aviso legal - Cambridge English Examinations\" \/>\n<meta property=\"og:description\" content=\"ASOCIACION ESCOLA ROSALIA DE CASTRO en cumplimiento de la Ley 34\/2002, de 11 de julio, de Servicios de la Sociedad [&hellip;]\" \/>\n<meta property=\"og:url\" content=\"https:\/\/rosaliadecastroexams.com\/pt-pt\/aviso-legal\/\" \/>\n<meta property=\"og:site_name\" content=\"Cambridge English Examinations\" \/>\n<meta property=\"article:modified_time\" content=\"2024-11-06T09:07:59+00:00\" \/>\n<meta name=\"twitter:card\" content=\"summary_large_image\" \/>\n<meta name=\"twitter:label1\" content=\"Tempo estimado de leitura\" \/>\n\t<meta name=\"twitter:data1\" content=\"5 minutos\" \/>\n<script type=\"application\/ld+json\" class=\"yoast-schema-graph\">{\"@context\":\"https:\/\/schema.org\",\"@graph\":[{\"@type\":\"WebPage\",\"@id\":\"https:\/\/rosaliadecastroexams.com\/pt-pt\/aviso-legal\/\",\"url\":\"https:\/\/rosaliadecastroexams.com\/pt-pt\/aviso-legal\/\",\"name\":\"Aviso legal - Cambridge English Examinations\",\"isPartOf\":{\"@id\":\"https:\/\/rosaliadecastroexams.com\/#website\"},\"datePublished\":\"2017-03-23T10:05:13+00:00\",\"dateModified\":\"2024-11-06T09:07:59+00:00\",\"breadcrumb\":{\"@id\":\"https:\/\/rosaliadecastroexams.com\/pt-pt\/aviso-legal\/#breadcrumb\"},\"inLanguage\":\"pt-PT\",\"potentialAction\":[{\"@type\":\"ReadAction\",\"target\":[\"https:\/\/rosaliadecastroexams.com\/pt-pt\/aviso-legal\/\"]}]},{\"@type\":\"BreadcrumbList\",\"@id\":\"https:\/\/rosaliadecastroexams.com\/pt-pt\/aviso-legal\/#breadcrumb\",\"itemListElement\":[{\"@type\":\"ListItem\",\"position\":1,\"name\":\"Portada\",\"item\":\"https:\/\/rosaliadecastroexams.com\/pt-pt\/\"},{\"@type\":\"ListItem\",\"position\":2,\"name\":\"Aviso legal\"}]},{\"@type\":\"WebSite\",\"@id\":\"https:\/\/rosaliadecastroexams.com\/#website\",\"url\":\"https:\/\/rosaliadecastroexams.com\/\",\"name\":\"Cambridge English Examinations\",\"description\":\"Asociaci\u00f3n Escola Rosal\u00eda de Castro\",\"potentialAction\":[{\"@type\":\"SearchAction\",\"target\":{\"@type\":\"EntryPoint\",\"urlTemplate\":\"https:\/\/rosaliadecastroexams.com\/?s={search_term_string}\"},\"query-input\":\"required name=search_term_string\"}],\"inLanguage\":\"pt-PT\"}]}<\/script>\n<!-- \/ Yoast SEO plugin. -->","yoast_head_json":{"title":"Aviso legal - Cambridge English Examinations","robots":{"index":"index","follow":"follow","max-snippet":"max-snippet:-1","max-image-preview":"max-image-preview:large","max-video-preview":"max-video-preview:-1"},"canonical":"https:\/\/rosaliadecastroexams.com\/pt-pt\/aviso-legal\/","og_locale":"pt_PT","og_type":"article","og_title":"Aviso legal - Cambridge English Examinations","og_description":"ASOCIACION ESCOLA ROSALIA DE CASTRO en cumplimiento de la Ley 34\/2002, de 11 de julio, de Servicios de la Sociedad [&hellip;]","og_url":"https:\/\/rosaliadecastroexams.com\/pt-pt\/aviso-legal\/","og_site_name":"Cambridge English Examinations","article_modified_time":"2024-11-06T09:07:59+00:00","twitter_card":"summary_large_image","twitter_misc":{"Tempo estimado de leitura":"5 minutos"},"schema":{"@context":"https:\/\/schema.org","@graph":[{"@type":"WebPage","@id":"https:\/\/rosaliadecastroexams.com\/pt-pt\/aviso-legal\/","url":"https:\/\/rosaliadecastroexams.com\/pt-pt\/aviso-legal\/","name":"Aviso legal - Cambridge English Examinations","isPartOf":{"@id":"https:\/\/rosaliadecastroexams.com\/#website"},"datePublished":"2017-03-23T10:05:13+00:00","dateModified":"2024-11-06T09:07:59+00:00","breadcrumb":{"@id":"https:\/\/rosaliadecastroexams.com\/pt-pt\/aviso-legal\/#breadcrumb"},"inLanguage":"pt-PT","potentialAction":[{"@type":"ReadAction","target":["https:\/\/rosaliadecastroexams.com\/pt-pt\/aviso-legal\/"]}]},{"@type":"BreadcrumbList","@id":"https:\/\/rosaliadecastroexams.com\/pt-pt\/aviso-legal\/#breadcrumb","itemListElement":[{"@type":"ListItem","position":1,"name":"Portada","item":"https:\/\/rosaliadecastroexams.com\/pt-pt\/"},{"@type":"ListItem","position":2,"name":"Aviso legal"}]},{"@type":"WebSite","@id":"https:\/\/rosaliadecastroexams.com\/#website","url":"https:\/\/rosaliadecastroexams.com\/","name":"Cambridge English Examinations","description":"Asociaci\u00f3n Escola Rosal\u00eda de Castro","potentialAction":[{"@type":"SearchAction","target":{"@type":"EntryPoint","urlTemplate":"https:\/\/rosaliadecastroexams.com\/?s={search_term_string}"},"query-input":"required name=search_term_string"}],"inLanguage":"pt-PT"}]}},"_links":{"self":[{"href":"https:\/\/rosaliadecastroexams.com\/pt-pt\/wp-json\/wp\/v2\/pages\/664"}],"collection":[{"href":"https:\/\/rosaliadecastroexams.com\/pt-pt\/wp-json\/wp\/v2\/pages"}],"about":[{"href":"https:\/\/rosaliadecastroexams.com\/pt-pt\/wp-json\/wp\/v2\/types\/page"}],"author":[{"embeddable":true,"href":"https:\/\/rosaliadecastroexams.com\/pt-pt\/wp-json\/wp\/v2\/users\/1"}],"replies":[{"embeddable":true,"href":"https:\/\/rosaliadecastroexams.com\/pt-pt\/wp-json\/wp\/v2\/comments?post=664"}],"version-history":[{"count":3,"href":"https:\/\/rosaliadecastroexams.com\/pt-pt\/wp-json\/wp\/v2\/pages\/664\/revisions"}],"predecessor-version":[{"id":4405,"href":"https:\/\/rosaliadecastroexams.com\/pt-pt\/wp-json\/wp\/v2\/pages\/664\/revisions\/4405"}],"wp:attachment":[{"href":"https:\/\/rosaliadecastroexams.com\/pt-pt\/wp-json\/wp\/v2\/media?parent=664"}],"curies":[{"name":"wp","href":"https:\/\/api.w.org\/{rel}","templated":true}]}}