{"id":674,"date":"2016-12-29T10:22:34","date_gmt":"2016-12-29T10:22:34","guid":{"rendered":"http:\/\/rosaliadecastroexams.com\/faqs\/"},"modified":"2018-06-06T15:48:25","modified_gmt":"2018-06-06T14:48:25","slug":"faqs","status":"publish","type":"page","link":"https:\/\/rosaliadecastroexams.com\/pt-pt\/faqs\/","title":{"rendered":"FAQ?"},"content":{"rendered":"<p><strong>Quando posso matricular-me?<\/strong><br \/>\nApenas nos per\u00edodos estabelecidos antes de cada uma das convocat\u00f3rias; ser\u00e1 aproximadamente 2 meses antes da data do exame, caso este se realize na forma tradicional (Paper- based) ou at\u00e9 10 dias antes caso o exame seja realizado por computador (Computer-based).<\/p>\n<p><strong>Quando se tomar\u00e1 conhecimento das datas e do lugar onde farei o exame para o qual me matr\u00edcule? <\/strong><br \/>\nAproximadamente 3 semanas antes da realiza\u00e7\u00e3o do exame \u00e9 enviado um e-mail fornecendo toda a informa\u00e7\u00e3o na sua \u201cConfirmation of Entry\u201d: datas, hor\u00e1rios, lugar, assim como os dados para consultar os seus resultados atrav\u00e9s da Internet e as normas para a realiza\u00e7\u00e3o do exame. Se n\u00e3o recebeu esta informa\u00e7\u00e3o 2 semanas antes da data do exame, dever\u00e1 contactar a Asociaci\u00f3n Escola Rosal\u00eda de Castro com urg\u00eancia.<\/p>\n<p><strong>Que devo levar para o exame? <\/strong><br \/>\nO documento da \u201cConfirmation of Entry\u201d, Cart\u00e3o de Cidad\u00e3o ou passaporte, l\u00e1pis, borracha e caneta esferogr\u00e1fica.<\/p>\n<p><strong>Posso mudar a data do meu exame? <\/strong><br \/>\nAs datas s\u00e3o fixadas pela Universidade de Cambridge e s\u00e3o inamov\u00edveis.<\/p>\n<p><strong>Com o valor de uma convocat\u00f3ria posso apresentar-me na seguinte? E se n\u00e3o realizar o exame? <\/strong><br \/>\nO valor correspondente aos direitos do exame \u00e9 exclusivo para uma convocat\u00f3ria, independentemente de se realizar o exame ou n\u00e3o.<\/p>\n<p><strong>Quando tomarei conhecimento dos resultados do exame? <\/strong><br \/>\nNo correio eletr\u00f3nico no qual se facultam os dados para a realiza\u00e7\u00e3o do exame, tamb\u00e9m se inclui um documento com os dados para consultar os resultados online0.<\/p>\n<p><strong>Quando recebo o certificado no caso de ter aprovado no exame? <\/strong><br \/>\nSer\u00e1 notificado\/a por e-mail assim que este nos sejam enviados de Cambridge. O prazo aproximado \u00e9 de 2 meses ap\u00f3s a publica\u00e7\u00e3o das notas. Poder\u00e1 recolher o seu certificado no nosso centro, ou autorizar outra pessoa que o fa\u00e7a apresentando o seu documento de identifica\u00e7\u00e3o.<\/p>\n<p><strong>E se perder o certificado original? <\/strong><br \/>\nCambridge Assesment n\u00e3o emite c\u00f3pias dos seus certificados, por isso deve guard\u00e1-lo com cuidado. Mas \u00e9 poss\u00edvel solicitar um documento que certifica o n\u00edvel, grau e pagamentos. Poder\u00e1 descarregar o formul\u00e1rio para solicita\u00e7\u00e3o na p\u00e1gina web <a href=\"http:\/\/www.cambridgeenglish.org\/\" target=\"_blank\" rel=\"noopener\">www.Cambridgeesol.org<\/a><\/p>\n<p><strong>Se n\u00e3o aprovar no exame a quantas convocat\u00f3rias ainda me posso apresentar? <\/strong><br \/>\nPode apresentar-se tantas vezes quanto deseje, sendo que para cada uma delas ter\u00e1 de fazer o pagamento relativo \u00e0 correspondente matr\u00edcula.<\/p>\n<p><strong>Se n\u00e3o aprovar o exame, tenho direito a uma revis\u00e3o? <\/strong><br \/>\nN\u00e3o existe a possibilidade de ver o exame ainda que se possa solicitar uma revis\u00e3o do mesmo. Trata-se de um processo independente da matr\u00edcula, pelo ter\u00e3o de ser pagas taxas suplementares.<\/p>\n<p><strong>Existe idade m\u00ednima para realizar os exames? <\/strong><br \/>\nN\u00e3o para os exames de <a href=\"https:\/\/rosaliadecastroexams.com\/pt-pt\/tipos_examenes\/ket\/\">KET<\/a>, <a href=\"https:\/\/rosaliadecastroexams.com\/pt-pt\/tipos_examenes\/pet\/\">PET<\/a>, <a href=\"https:\/\/rosaliadecastroexams.com\/pt-pt\/tipos_examenes\/fce\/\">FCE<\/a>, CAE ou <a href=\"https:\/\/rosaliadecastroexams.com\/pt-pt\/tipos_examenes\/cpe\/\">CPE<\/a>, mas algum dos temas pass\u00edveis de surgir nas provas podem requerer certo grau de maturidade. As provas de <a href=\"https:\/\/rosaliadecastroexams.com\/pt-pt\/tipos_examenes\/yle\/\">YLE<\/a> t\u00eam uma idade m\u00ednima e m\u00e1xima (s\u00e3o para alunas\/os com idades compreendidas entre 7 e 12 anos) assim como KET for Schools, PET for Schools e FCE for Schools (para alunas\/os em idade escolar).<\/p>\n<p><strong> \u00c9 necess\u00e1rio ter aprovado num n\u00edvel anterior para apresentar-me ao exame que me interessa?<br \/>\n<\/strong>N\u00e3o. Cada exame de Cambridge ESOL \u00e9 independente e poder\u00e1 apresentar-se a qualquer exame &#8211; desde que tenha o n\u00edvel de l\u00edngua necess\u00e1rio!<\/p>\n<p><strong>Tenho alguma incapacidade.A Cambridge ter\u00e1 isso em considera\u00e7\u00e3o?<br \/>\n<\/strong>Qualquer candidato com uma incapacidade (de audi\u00e7\u00e3o, vis\u00e3o, motricidade etc.) deve chamar a Asociaci\u00f3n Escola Rosal\u00eda de Castro antes de efetuar a matr\u00edcula para podermos avaliar a sua situa\u00e7\u00e3o e gerir as medidas especiais necess\u00e1rias.<\/p>\n<p><strong>Cambridge n\u00e3o contempla nenhum tipo de desconto por incapacidade, ou por fam\u00edlia numerosa<\/strong><\/p>\n","protected":false},"excerpt":{"rendered":"<p>Quando posso matricular-me? Apenas nos per\u00edodos estabelecidos antes de cada uma das convocat\u00f3rias; ser\u00e1 aproximadamente 2 meses antes da data [&hellip;]<\/p>\n","protected":false},"author":1,"featured_media":668,"parent":0,"menu_order":0,"comment_status":"closed","ping_status":"closed","template":"","meta":[],"acf":[],"yoast_head":"<!-- This site is optimized with the Yoast SEO plugin v19.10 - https:\/\/yoast.com\/wordpress\/plugins\/seo\/ -->\n<title>FAQ? - Cambridge English Examinations<\/title>\n<meta name=\"robots\" content=\"index, follow, max-snippet:-1, max-image-preview:large, max-video-preview:-1\" \/>\n<link rel=\"canonical\" href=\"https:\/\/rosaliadecastroexams.com\/pt-pt\/faqs\/\" \/>\n<meta property=\"og:locale\" content=\"pt_PT\" \/>\n<meta property=\"og:type\" content=\"article\" \/>\n<meta property=\"og:title\" content=\"FAQ? - Cambridge English Examinations\" \/>\n<meta property=\"og:description\" content=\"Quando posso matricular-me? Apenas nos per\u00edodos estabelecidos antes de cada uma das convocat\u00f3rias; ser\u00e1 aproximadamente 2 meses antes da data [&hellip;]\" \/>\n<meta property=\"og:url\" content=\"https:\/\/rosaliadecastroexams.com\/pt-pt\/faqs\/\" \/>\n<meta property=\"og:site_name\" content=\"Cambridge English Examinations\" \/>\n<meta property=\"article:modified_time\" content=\"2018-06-06T14:48:25+00:00\" \/>\n<meta property=\"og:image\" content=\"https:\/\/rosaliadecastroexams.com\/wp-content\/uploads\/2016\/12\/imagen_interior_cambridge.jpg\" \/>\n\t<meta property=\"og:image:width\" content=\"983\" \/>\n\t<meta property=\"og:image:height\" content=\"133\" \/>\n\t<meta property=\"og:image:type\" content=\"image\/jpeg\" \/>\n<meta name=\"twitter:card\" content=\"summary_large_image\" \/>\n<meta name=\"twitter:label1\" content=\"Tempo estimado de leitura\" \/>\n\t<meta name=\"twitter:data1\" content=\"3 minutos\" \/>\n<script type=\"application\/ld+json\" class=\"yoast-schema-graph\">{\"@context\":\"https:\/\/schema.org\",\"@graph\":[{\"@type\":\"WebPage\",\"@id\":\"https:\/\/rosaliadecastroexams.com\/pt-pt\/faqs\/\",\"url\":\"https:\/\/rosaliadecastroexams.com\/pt-pt\/faqs\/\",\"name\":\"FAQ? - Cambridge English Examinations\",\"isPartOf\":{\"@id\":\"https:\/\/rosaliadecastroexams.com\/#website\"},\"datePublished\":\"2016-12-29T10:22:34+00:00\",\"dateModified\":\"2018-06-06T14:48:25+00:00\",\"breadcrumb\":{\"@id\":\"https:\/\/rosaliadecastroexams.com\/pt-pt\/faqs\/#breadcrumb\"},\"inLanguage\":\"pt-PT\",\"potentialAction\":[{\"@type\":\"ReadAction\",\"target\":[\"https:\/\/rosaliadecastroexams.com\/pt-pt\/faqs\/\"]}]},{\"@type\":\"BreadcrumbList\",\"@id\":\"https:\/\/rosaliadecastroexams.com\/pt-pt\/faqs\/#breadcrumb\",\"itemListElement\":[{\"@type\":\"ListItem\",\"position\":1,\"name\":\"Portada\",\"item\":\"https:\/\/rosaliadecastroexams.com\/pt-pt\/\"},{\"@type\":\"ListItem\",\"position\":2,\"name\":\"FAQ?\"}]},{\"@type\":\"WebSite\",\"@id\":\"https:\/\/rosaliadecastroexams.com\/#website\",\"url\":\"https:\/\/rosaliadecastroexams.com\/\",\"name\":\"Cambridge English Examinations\",\"description\":\"Asociaci\u00f3n Escola Rosal\u00eda de Castro\",\"potentialAction\":[{\"@type\":\"SearchAction\",\"target\":{\"@type\":\"EntryPoint\",\"urlTemplate\":\"https:\/\/rosaliadecastroexams.com\/?s={search_term_string}\"},\"query-input\":\"required name=search_term_string\"}],\"inLanguage\":\"pt-PT\"}]}<\/script>\n<!-- \/ Yoast SEO plugin. -->","yoast_head_json":{"title":"FAQ? - Cambridge English Examinations","robots":{"index":"index","follow":"follow","max-snippet":"max-snippet:-1","max-image-preview":"max-image-preview:large","max-video-preview":"max-video-preview:-1"},"canonical":"https:\/\/rosaliadecastroexams.com\/pt-pt\/faqs\/","og_locale":"pt_PT","og_type":"article","og_title":"FAQ? - Cambridge English Examinations","og_description":"Quando posso matricular-me? Apenas nos per\u00edodos estabelecidos antes de cada uma das convocat\u00f3rias; ser\u00e1 aproximadamente 2 meses antes da data [&hellip;]","og_url":"https:\/\/rosaliadecastroexams.com\/pt-pt\/faqs\/","og_site_name":"Cambridge English Examinations","article_modified_time":"2018-06-06T14:48:25+00:00","og_image":[{"width":983,"height":133,"url":"https:\/\/rosaliadecastroexams.com\/wp-content\/uploads\/2016\/12\/imagen_interior_cambridge.jpg","type":"image\/jpeg"}],"twitter_card":"summary_large_image","twitter_misc":{"Tempo estimado de leitura":"3 minutos"},"schema":{"@context":"https:\/\/schema.org","@graph":[{"@type":"WebPage","@id":"https:\/\/rosaliadecastroexams.com\/pt-pt\/faqs\/","url":"https:\/\/rosaliadecastroexams.com\/pt-pt\/faqs\/","name":"FAQ? - Cambridge English Examinations","isPartOf":{"@id":"https:\/\/rosaliadecastroexams.com\/#website"},"datePublished":"2016-12-29T10:22:34+00:00","dateModified":"2018-06-06T14:48:25+00:00","breadcrumb":{"@id":"https:\/\/rosaliadecastroexams.com\/pt-pt\/faqs\/#breadcrumb"},"inLanguage":"pt-PT","potentialAction":[{"@type":"ReadAction","target":["https:\/\/rosaliadecastroexams.com\/pt-pt\/faqs\/"]}]},{"@type":"BreadcrumbList","@id":"https:\/\/rosaliadecastroexams.com\/pt-pt\/faqs\/#breadcrumb","itemListElement":[{"@type":"ListItem","position":1,"name":"Portada","item":"https:\/\/rosaliadecastroexams.com\/pt-pt\/"},{"@type":"ListItem","position":2,"name":"FAQ?"}]},{"@type":"WebSite","@id":"https:\/\/rosaliadecastroexams.com\/#website","url":"https:\/\/rosaliadecastroexams.com\/","name":"Cambridge English Examinations","description":"Asociaci\u00f3n Escola Rosal\u00eda de Castro","potentialAction":[{"@type":"SearchAction","target":{"@type":"EntryPoint","urlTemplate":"https:\/\/rosaliadecastroexams.com\/?s={search_term_string}"},"query-input":"required name=search_term_string"}],"inLanguage":"pt-PT"}]}},"_links":{"self":[{"href":"https:\/\/rosaliadecastroexams.com\/pt-pt\/wp-json\/wp\/v2\/pages\/674"}],"collection":[{"href":"https:\/\/rosaliadecastroexams.com\/pt-pt\/wp-json\/wp\/v2\/pages"}],"about":[{"href":"https:\/\/rosaliadecastroexams.com\/pt-pt\/wp-json\/wp\/v2\/types\/page"}],"author":[{"embeddable":true,"href":"https:\/\/rosaliadecastroexams.com\/pt-pt\/wp-json\/wp\/v2\/users\/1"}],"replies":[{"embeddable":true,"href":"https:\/\/rosaliadecastroexams.com\/pt-pt\/wp-json\/wp\/v2\/comments?post=674"}],"version-history":[{"count":5,"href":"https:\/\/rosaliadecastroexams.com\/pt-pt\/wp-json\/wp\/v2\/pages\/674\/revisions"}],"predecessor-version":[{"id":1183,"href":"https:\/\/rosaliadecastroexams.com\/pt-pt\/wp-json\/wp\/v2\/pages\/674\/revisions\/1183"}],"wp:featuredmedia":[{"embeddable":true,"href":"https:\/\/rosaliadecastroexams.com\/pt-pt\/wp-json\/wp\/v2\/media\/668"}],"wp:attachment":[{"href":"https:\/\/rosaliadecastroexams.com\/pt-pt\/wp-json\/wp\/v2\/media?parent=674"}],"curies":[{"name":"wp","href":"https:\/\/api.w.org\/{rel}","templated":true}]}}