{"id":676,"date":"2016-12-29T10:22:33","date_gmt":"2016-12-29T10:22:33","guid":{"rendered":"http:\/\/rosaliadecastroexams.com\/introduccion\/"},"modified":"2016-12-29T10:22:33","modified_gmt":"2016-12-29T10:22:33","slug":"introduccion","status":"publish","type":"page","link":"https:\/\/rosaliadecastroexams.com\/pt-pt\/introduccion\/","title":{"rendered":"Introducci\u00f3n"},"content":{"rendered":"<h1><strong>Introducci\u00f3n<\/strong><\/h1>\n<p>A\u00f1o tras a\u00f1o m\u00e1s de 2 millones de personas de m\u00e1s de 140 pa\u00edses se presentan a los ex\u00e1menes Cambridge de Ingl\u00e9s como lengua extranjera. Los ex\u00e1menes de Cambridge ESOL (English for Speakers of Other Languages) cuentan con el reconocimiento de empresas, universidades, autoridades educativas y agencias gubernamentales en casi todo el mundo. Est\u00e1n vinculados al sistema internacional de niveles de ALTE (Association of Language Testers in Europe) para evaluar idiomas europeos con una referencia en el Marco Europeo de Lenguas Extranjeras publicado por el Consejo de Europa.<\/p>\n<p>La gente se presenta a los ex\u00e1menes de Cambridge ESOL por muchas razones. Para la mayor\u00eda de los candidatos estos ex\u00e1menes les abren las puertas a m\u00faltiples beneficios pr\u00e1cticos:<\/p>\n<ul>\n<li>Para entrar en una carrera universitaria \u00f3 conseguir cr\u00e9ditos en ella.<\/li>\n<li>Para mejorar sus perspectivas laborales.<\/li>\n<li>Para medir su progreso ling\u00fc\u00edstico.<\/li>\n<\/ul>\n<p>Para otros un certificado emitido por Cambridge ESOL es una meta conseguida, un premio y recompensa por su esfuerzo y sus logros.<\/p>\n<p>Los ex\u00e1menes de Cambridge Est\u00e1n est\u00e1n dise\u00f1ados para estudiantes de todas las nacionalidades, de entornos culturales diversos y los hay para estudiantes de casi todas las edades.<\/p>\n<p>Los ex\u00e1menes cubren las cuatro habilidades ling\u00fc\u00edsticas &#8211; comprensi\u00f3n auditiva, habla, lectura y escritura &#8211; e incluyen una serie de tareas que eval\u00faan la capacidad del estudiante para utilizar la lengua inglesa. Cuando se preparan para los ex\u00e1menes, los estudiantes desarrollan las habilidades necesarias para usar el idioma dentro de una amplia gama de contextos realistas y comunicativos. Sobre todo, los ex\u00e1menes de Cambridge ESOL animan a los candidatos a aprender la lengua inglesa de verdad y a utilizarla de forma apropiada y con eficacia.<\/p>\n<p>La Asociaci\u00f3n Escola Rosal\u00eda de Castro es el centro autorizado por Cambridge ESOL con el n\u00famero ES269 para la organizaci\u00f3n de los siguientes ex\u00e1menes: YLE (Cambridge Young Learners English Tests), KET (Key English Test), KET for Schools, PET (Preliminary English Test, PET for Schools, FCE (First Certificate in English), CAE (Certificate in Advanced English) and CPE (Certificate of Proficiency in English) y los ex\u00e1menes por ordenador (Computer-Based o CB Test).<\/p>\n<h1><strong>Los ex\u00e1menes de Cambridge ESOL y el Marco Europeo<\/strong><\/h1>\n<p><img decoding=\"async\" loading=\"lazy\" class=\"alignnone wp-image-100 size-large\" src=\"http:\/\/localhost:8080\/wp-content\/uploads\/2016\/12\/ielts-990x1024.jpg\" width=\"700\" height=\"724\" srcset=\"https:\/\/rosaliadecastroexams.com\/wp-content\/uploads\/2016\/12\/ielts-990x1024.jpg 990w, https:\/\/rosaliadecastroexams.com\/wp-content\/uploads\/2016\/12\/ielts-290x300.jpg 290w, https:\/\/rosaliadecastroexams.com\/wp-content\/uploads\/2016\/12\/ielts-768x794.jpg 768w\" sizes=\"(max-width: 700px) 100vw, 700px\" \/><\/p>\n<p>Para m\u00e1s informaci\u00f3n acerca de los ex\u00e1menes de Cambridge ESOL visita <a href=\"http:\/\/www.cambridgeesol.org\/\" target=\"_blank\">www.CambridgeESOL.org<\/a><\/p>\n","protected":false},"excerpt":{"rendered":"<p>Introducci\u00f3n A\u00f1o tras a\u00f1o m\u00e1s de 2 millones de personas de m\u00e1s de 140 pa\u00edses se presentan a los ex\u00e1menes [&hellip;]<\/p>\n","protected":false},"author":1,"featured_media":668,"parent":0,"menu_order":0,"comment_status":"closed","ping_status":"closed","template":"","meta":[],"acf":[],"yoast_head":"<!-- This site is optimized with the Yoast SEO plugin v19.10 - https:\/\/yoast.com\/wordpress\/plugins\/seo\/ -->\n<title>Introducci\u00f3n - Cambridge English Examinations<\/title>\n<meta name=\"robots\" content=\"index, follow, max-snippet:-1, max-image-preview:large, max-video-preview:-1\" \/>\n<link rel=\"canonical\" href=\"https:\/\/rosaliadecastroexams.com\/pt-pt\/introduccion\/\" \/>\n<meta property=\"og:locale\" content=\"pt_PT\" \/>\n<meta property=\"og:type\" content=\"article\" \/>\n<meta property=\"og:title\" content=\"Introducci\u00f3n - Cambridge English Examinations\" \/>\n<meta property=\"og:description\" content=\"Introducci\u00f3n A\u00f1o tras a\u00f1o m\u00e1s de 2 millones de personas de m\u00e1s de 140 pa\u00edses se presentan a los ex\u00e1menes [&hellip;]\" \/>\n<meta property=\"og:url\" content=\"https:\/\/rosaliadecastroexams.com\/pt-pt\/introduccion\/\" \/>\n<meta property=\"og:site_name\" content=\"Cambridge English Examinations\" \/>\n<meta property=\"og:image\" content=\"https:\/\/rosaliadecastroexams.com\/wp-content\/uploads\/2016\/12\/imagen_interior_cambridge.jpg\" \/>\n\t<meta property=\"og:image:width\" content=\"983\" \/>\n\t<meta property=\"og:image:height\" content=\"133\" \/>\n\t<meta property=\"og:image:type\" content=\"image\/jpeg\" \/>\n<meta name=\"twitter:card\" content=\"summary_large_image\" \/>\n<meta name=\"twitter:label1\" content=\"Tempo estimado de leitura\" \/>\n\t<meta name=\"twitter:data1\" content=\"2 minutos\" \/>\n<script type=\"application\/ld+json\" class=\"yoast-schema-graph\">{\"@context\":\"https:\/\/schema.org\",\"@graph\":[{\"@type\":\"WebPage\",\"@id\":\"https:\/\/rosaliadecastroexams.com\/pt-pt\/introduccion\/\",\"url\":\"https:\/\/rosaliadecastroexams.com\/pt-pt\/introduccion\/\",\"name\":\"Introducci\u00f3n - Cambridge English Examinations\",\"isPartOf\":{\"@id\":\"https:\/\/rosaliadecastroexams.com\/#website\"},\"datePublished\":\"2016-12-29T10:22:33+00:00\",\"dateModified\":\"2016-12-29T10:22:33+00:00\",\"breadcrumb\":{\"@id\":\"https:\/\/rosaliadecastroexams.com\/pt-pt\/introduccion\/#breadcrumb\"},\"inLanguage\":\"pt-PT\",\"potentialAction\":[{\"@type\":\"ReadAction\",\"target\":[\"https:\/\/rosaliadecastroexams.com\/pt-pt\/introduccion\/\"]}]},{\"@type\":\"BreadcrumbList\",\"@id\":\"https:\/\/rosaliadecastroexams.com\/pt-pt\/introduccion\/#breadcrumb\",\"itemListElement\":[{\"@type\":\"ListItem\",\"position\":1,\"name\":\"Portada\",\"item\":\"https:\/\/rosaliadecastroexams.com\/pt-pt\/\"},{\"@type\":\"ListItem\",\"position\":2,\"name\":\"Introducci\u00f3n\"}]},{\"@type\":\"WebSite\",\"@id\":\"https:\/\/rosaliadecastroexams.com\/#website\",\"url\":\"https:\/\/rosaliadecastroexams.com\/\",\"name\":\"Cambridge English Examinations\",\"description\":\"Asociaci\u00f3n Escola Rosal\u00eda de Castro\",\"potentialAction\":[{\"@type\":\"SearchAction\",\"target\":{\"@type\":\"EntryPoint\",\"urlTemplate\":\"https:\/\/rosaliadecastroexams.com\/?s={search_term_string}\"},\"query-input\":\"required name=search_term_string\"}],\"inLanguage\":\"pt-PT\"}]}<\/script>\n<!-- \/ Yoast SEO plugin. -->","yoast_head_json":{"title":"Introducci\u00f3n - Cambridge English Examinations","robots":{"index":"index","follow":"follow","max-snippet":"max-snippet:-1","max-image-preview":"max-image-preview:large","max-video-preview":"max-video-preview:-1"},"canonical":"https:\/\/rosaliadecastroexams.com\/pt-pt\/introduccion\/","og_locale":"pt_PT","og_type":"article","og_title":"Introducci\u00f3n - Cambridge English Examinations","og_description":"Introducci\u00f3n A\u00f1o tras a\u00f1o m\u00e1s de 2 millones de personas de m\u00e1s de 140 pa\u00edses se presentan a los ex\u00e1menes [&hellip;]","og_url":"https:\/\/rosaliadecastroexams.com\/pt-pt\/introduccion\/","og_site_name":"Cambridge English Examinations","og_image":[{"width":983,"height":133,"url":"https:\/\/rosaliadecastroexams.com\/wp-content\/uploads\/2016\/12\/imagen_interior_cambridge.jpg","type":"image\/jpeg"}],"twitter_card":"summary_large_image","twitter_misc":{"Tempo estimado de leitura":"2 minutos"},"schema":{"@context":"https:\/\/schema.org","@graph":[{"@type":"WebPage","@id":"https:\/\/rosaliadecastroexams.com\/pt-pt\/introduccion\/","url":"https:\/\/rosaliadecastroexams.com\/pt-pt\/introduccion\/","name":"Introducci\u00f3n - Cambridge English Examinations","isPartOf":{"@id":"https:\/\/rosaliadecastroexams.com\/#website"},"datePublished":"2016-12-29T10:22:33+00:00","dateModified":"2016-12-29T10:22:33+00:00","breadcrumb":{"@id":"https:\/\/rosaliadecastroexams.com\/pt-pt\/introduccion\/#breadcrumb"},"inLanguage":"pt-PT","potentialAction":[{"@type":"ReadAction","target":["https:\/\/rosaliadecastroexams.com\/pt-pt\/introduccion\/"]}]},{"@type":"BreadcrumbList","@id":"https:\/\/rosaliadecastroexams.com\/pt-pt\/introduccion\/#breadcrumb","itemListElement":[{"@type":"ListItem","position":1,"name":"Portada","item":"https:\/\/rosaliadecastroexams.com\/pt-pt\/"},{"@type":"ListItem","position":2,"name":"Introducci\u00f3n"}]},{"@type":"WebSite","@id":"https:\/\/rosaliadecastroexams.com\/#website","url":"https:\/\/rosaliadecastroexams.com\/","name":"Cambridge English Examinations","description":"Asociaci\u00f3n Escola Rosal\u00eda de Castro","potentialAction":[{"@type":"SearchAction","target":{"@type":"EntryPoint","urlTemplate":"https:\/\/rosaliadecastroexams.com\/?s={search_term_string}"},"query-input":"required name=search_term_string"}],"inLanguage":"pt-PT"}]}},"_links":{"self":[{"href":"https:\/\/rosaliadecastroexams.com\/pt-pt\/wp-json\/wp\/v2\/pages\/676"}],"collection":[{"href":"https:\/\/rosaliadecastroexams.com\/pt-pt\/wp-json\/wp\/v2\/pages"}],"about":[{"href":"https:\/\/rosaliadecastroexams.com\/pt-pt\/wp-json\/wp\/v2\/types\/page"}],"author":[{"embeddable":true,"href":"https:\/\/rosaliadecastroexams.com\/pt-pt\/wp-json\/wp\/v2\/users\/1"}],"replies":[{"embeddable":true,"href":"https:\/\/rosaliadecastroexams.com\/pt-pt\/wp-json\/wp\/v2\/comments?post=676"}],"version-history":[{"count":0,"href":"https:\/\/rosaliadecastroexams.com\/pt-pt\/wp-json\/wp\/v2\/pages\/676\/revisions"}],"wp:featuredmedia":[{"embeddable":true,"href":"https:\/\/rosaliadecastroexams.com\/pt-pt\/wp-json\/wp\/v2\/media\/668"}],"wp:attachment":[{"href":"https:\/\/rosaliadecastroexams.com\/pt-pt\/wp-json\/wp\/v2\/media?parent=676"}],"curies":[{"name":"wp","href":"https:\/\/api.w.org\/{rel}","templated":true}]}}