{"id":679,"date":"2016-12-29T10:22:33","date_gmt":"2016-12-29T10:22:33","guid":{"rendered":"http:\/\/rosaliadecastroexams.com\/matricula\/"},"modified":"2023-01-31T11:31:53","modified_gmt":"2023-01-31T10:31:53","slug":"matricula","status":"publish","type":"page","link":"https:\/\/rosaliadecastroexams.com\/pt-pt\/matricula\/","title":{"rendered":"Inscri\u00e7\u00e3o Exames de Ingl\u00eas Cambridge"},"content":{"rendered":"<div id=\"ez-toc-container\" class=\"ez-toc-v2_0_72 ez-toc-wrap-center counter-hierarchy ez-toc-counter ez-toc-grey ez-toc-container-direction\">\n<div class=\"ez-toc-title-container\">\n<p class=\"ez-toc-title\" style=\"cursor:inherit\">\u00cdndice de contenido<\/p>\n<span class=\"ez-toc-title-toggle\"><a href=\"#\" class=\"ez-toc-pull-right ez-toc-btn ez-toc-btn-xs ez-toc-btn-default ez-toc-toggle\" aria-label=\"Toggle Table of Content\"><span class=\"ez-toc-js-icon-con\"><span class=\"\"><span class=\"eztoc-hide\" style=\"display:none;\">Toggle<\/span><span class=\"ez-toc-icon-toggle-span\"><svg style=\"fill: #999;color:#999\" xmlns=\"http:\/\/www.w3.org\/2000\/svg\" class=\"list-377408\" width=\"20px\" height=\"20px\" viewBox=\"0 0 24 24\" fill=\"none\"><path d=\"M6 6H4v2h2V6zm14 0H8v2h12V6zM4 11h2v2H4v-2zm16 0H8v2h12v-2zM4 16h2v2H4v-2zm16 0H8v2h12v-2z\" fill=\"currentColor\"><\/path><\/svg><svg style=\"fill: #999;color:#999\" class=\"arrow-unsorted-368013\" xmlns=\"http:\/\/www.w3.org\/2000\/svg\" width=\"10px\" height=\"10px\" viewBox=\"0 0 24 24\" version=\"1.2\" baseProfile=\"tiny\"><path d=\"M18.2 9.3l-6.2-6.3-6.2 6.3c-.2.2-.3.4-.3.7s.1.5.3.7c.2.2.4.3.7.3h11c.3 0 .5-.1.7-.3.2-.2.3-.5.3-.7s-.1-.5-.3-.7zM5.8 14.7l6.2 6.3 6.2-6.3c.2-.2.3-.5.3-.7s-.1-.5-.3-.7c-.2-.2-.4-.3-.7-.3h-11c-.3 0-.5.1-.7.3-.2.2-.3.5-.3.7s.1.5.3.7z\"\/><\/svg><\/span><\/span><\/span><\/a><\/span><\/div>\n<nav><ul class='ez-toc-list ez-toc-list-level-1 ' ><li class='ez-toc-page-1 ez-toc-heading-level-2'><a class=\"ez-toc-link ez-toc-heading-1\" href=\"https:\/\/rosaliadecastroexams.com\/pt-pt\/matricula\/#Como_e_onde_posso_formalizar_a_minha_matricula\" title=\"Como e onde posso formalizar a minha matr\u00edcula?\">Como e onde posso formalizar a minha matr\u00edcula?<\/a><\/li><\/ul><\/nav><\/div>\n<h2 style=\"text-align: center;\"><span class=\"ez-toc-section\" id=\"Como_e_onde_posso_formalizar_a_minha_matricula\"><\/span>Como e onde posso formalizar a minha matr\u00edcula?<span class=\"ez-toc-section-end\"><\/span><\/h2>\n","protected":false},"excerpt":{"rendered":"<p>Como e onde posso formalizar a minha matr\u00edcula?<\/p>\n","protected":false},"author":1,"featured_media":668,"parent":0,"menu_order":0,"comment_status":"closed","ping_status":"closed","template":"template-matricula.php","meta":[],"acf":[],"yoast_head":"<!-- This site is optimized with the Yoast SEO plugin v19.10 - https:\/\/yoast.com\/wordpress\/plugins\/seo\/ -->\n<title>Inscri\u00e7\u00e3o Exames de Ingl\u00eas Cambridge en Norte de Portugal<\/title>\n<meta name=\"description\" content=\"Como e onde posso formalizar a minha matr\u00edcula para os exames de Cambridge English no norte de Portugal? N\u00f3s damos-lhe todas as informa\u00e7\u00f5es de inscri\u00e7\u00e3o e pre\u00e7os aqui!\" \/>\n<meta name=\"robots\" content=\"index, follow, max-snippet:-1, max-image-preview:large, max-video-preview:-1\" \/>\n<link rel=\"canonical\" href=\"https:\/\/rosaliadecastroexams.com\/pt-pt\/matricula\/\" \/>\n<meta property=\"og:locale\" content=\"pt_PT\" \/>\n<meta property=\"og:type\" content=\"article\" \/>\n<meta property=\"og:title\" content=\"Inscri\u00e7\u00e3o Exames de Ingl\u00eas Cambridge en Norte de Portugal\" \/>\n<meta property=\"og:description\" content=\"Como e onde posso formalizar a minha matr\u00edcula para os exames de Cambridge English no norte de Portugal? N\u00f3s damos-lhe todas as informa\u00e7\u00f5es de inscri\u00e7\u00e3o e pre\u00e7os aqui!\" \/>\n<meta property=\"og:url\" content=\"https:\/\/rosaliadecastroexams.com\/pt-pt\/matricula\/\" \/>\n<meta property=\"og:site_name\" content=\"Cambridge English Examinations\" \/>\n<meta property=\"article:modified_time\" content=\"2023-01-31T10:31:53+00:00\" \/>\n<meta property=\"og:image\" content=\"https:\/\/rosaliadecastroexams.com\/wp-content\/uploads\/2016\/12\/imagen_interior_cambridge.jpg\" \/>\n\t<meta property=\"og:image:width\" content=\"983\" \/>\n\t<meta property=\"og:image:height\" content=\"133\" \/>\n\t<meta property=\"og:image:type\" content=\"image\/jpeg\" \/>\n<meta name=\"twitter:card\" content=\"summary_large_image\" \/>\n<meta name=\"twitter:label1\" content=\"Tempo estimado de leitura\" \/>\n\t<meta name=\"twitter:data1\" content=\"1 minuto\" \/>\n<script type=\"application\/ld+json\" class=\"yoast-schema-graph\">{\"@context\":\"https:\/\/schema.org\",\"@graph\":[{\"@type\":\"WebPage\",\"@id\":\"https:\/\/rosaliadecastroexams.com\/pt-pt\/matricula\/\",\"url\":\"https:\/\/rosaliadecastroexams.com\/pt-pt\/matricula\/\",\"name\":\"Inscri\u00e7\u00e3o Exames de Ingl\u00eas Cambridge en Norte de Portugal\",\"isPartOf\":{\"@id\":\"https:\/\/rosaliadecastroexams.com\/#website\"},\"datePublished\":\"2016-12-29T10:22:33+00:00\",\"dateModified\":\"2023-01-31T10:31:53+00:00\",\"description\":\"Como e onde posso formalizar a minha matr\u00edcula para os exames de Cambridge English no norte de Portugal? N\u00f3s damos-lhe todas as informa\u00e7\u00f5es de inscri\u00e7\u00e3o e pre\u00e7os aqui!\",\"breadcrumb\":{\"@id\":\"https:\/\/rosaliadecastroexams.com\/pt-pt\/matricula\/#breadcrumb\"},\"inLanguage\":\"pt-PT\",\"potentialAction\":[{\"@type\":\"ReadAction\",\"target\":[\"https:\/\/rosaliadecastroexams.com\/pt-pt\/matricula\/\"]}]},{\"@type\":\"BreadcrumbList\",\"@id\":\"https:\/\/rosaliadecastroexams.com\/pt-pt\/matricula\/#breadcrumb\",\"itemListElement\":[{\"@type\":\"ListItem\",\"position\":1,\"name\":\"Portada\",\"item\":\"https:\/\/rosaliadecastroexams.com\/pt-pt\/\"},{\"@type\":\"ListItem\",\"position\":2,\"name\":\"Inscri\u00e7\u00e3o Exames de Ingl\u00eas Cambridge\"}]},{\"@type\":\"WebSite\",\"@id\":\"https:\/\/rosaliadecastroexams.com\/#website\",\"url\":\"https:\/\/rosaliadecastroexams.com\/\",\"name\":\"Cambridge English Examinations\",\"description\":\"Asociaci\u00f3n Escola Rosal\u00eda de Castro\",\"potentialAction\":[{\"@type\":\"SearchAction\",\"target\":{\"@type\":\"EntryPoint\",\"urlTemplate\":\"https:\/\/rosaliadecastroexams.com\/?s={search_term_string}\"},\"query-input\":\"required name=search_term_string\"}],\"inLanguage\":\"pt-PT\"}]}<\/script>\n<!-- \/ Yoast SEO plugin. -->","yoast_head_json":{"title":"Inscri\u00e7\u00e3o Exames de Ingl\u00eas Cambridge en Norte de Portugal","description":"Como e onde posso formalizar a minha matr\u00edcula para os exames de Cambridge English no norte de Portugal? N\u00f3s damos-lhe todas as informa\u00e7\u00f5es de inscri\u00e7\u00e3o e pre\u00e7os aqui!","robots":{"index":"index","follow":"follow","max-snippet":"max-snippet:-1","max-image-preview":"max-image-preview:large","max-video-preview":"max-video-preview:-1"},"canonical":"https:\/\/rosaliadecastroexams.com\/pt-pt\/matricula\/","og_locale":"pt_PT","og_type":"article","og_title":"Inscri\u00e7\u00e3o Exames de Ingl\u00eas Cambridge en Norte de Portugal","og_description":"Como e onde posso formalizar a minha matr\u00edcula para os exames de Cambridge English no norte de Portugal? N\u00f3s damos-lhe todas as informa\u00e7\u00f5es de inscri\u00e7\u00e3o e pre\u00e7os aqui!","og_url":"https:\/\/rosaliadecastroexams.com\/pt-pt\/matricula\/","og_site_name":"Cambridge English Examinations","article_modified_time":"2023-01-31T10:31:53+00:00","og_image":[{"width":983,"height":133,"url":"https:\/\/rosaliadecastroexams.com\/wp-content\/uploads\/2016\/12\/imagen_interior_cambridge.jpg","type":"image\/jpeg"}],"twitter_card":"summary_large_image","twitter_misc":{"Tempo estimado de leitura":"1 minuto"},"schema":{"@context":"https:\/\/schema.org","@graph":[{"@type":"WebPage","@id":"https:\/\/rosaliadecastroexams.com\/pt-pt\/matricula\/","url":"https:\/\/rosaliadecastroexams.com\/pt-pt\/matricula\/","name":"Inscri\u00e7\u00e3o Exames de Ingl\u00eas Cambridge en Norte de Portugal","isPartOf":{"@id":"https:\/\/rosaliadecastroexams.com\/#website"},"datePublished":"2016-12-29T10:22:33+00:00","dateModified":"2023-01-31T10:31:53+00:00","description":"Como e onde posso formalizar a minha matr\u00edcula para os exames de Cambridge English no norte de Portugal? N\u00f3s damos-lhe todas as informa\u00e7\u00f5es de inscri\u00e7\u00e3o e pre\u00e7os aqui!","breadcrumb":{"@id":"https:\/\/rosaliadecastroexams.com\/pt-pt\/matricula\/#breadcrumb"},"inLanguage":"pt-PT","potentialAction":[{"@type":"ReadAction","target":["https:\/\/rosaliadecastroexams.com\/pt-pt\/matricula\/"]}]},{"@type":"BreadcrumbList","@id":"https:\/\/rosaliadecastroexams.com\/pt-pt\/matricula\/#breadcrumb","itemListElement":[{"@type":"ListItem","position":1,"name":"Portada","item":"https:\/\/rosaliadecastroexams.com\/pt-pt\/"},{"@type":"ListItem","position":2,"name":"Inscri\u00e7\u00e3o Exames de Ingl\u00eas Cambridge"}]},{"@type":"WebSite","@id":"https:\/\/rosaliadecastroexams.com\/#website","url":"https:\/\/rosaliadecastroexams.com\/","name":"Cambridge English Examinations","description":"Asociaci\u00f3n Escola Rosal\u00eda de Castro","potentialAction":[{"@type":"SearchAction","target":{"@type":"EntryPoint","urlTemplate":"https:\/\/rosaliadecastroexams.com\/?s={search_term_string}"},"query-input":"required name=search_term_string"}],"inLanguage":"pt-PT"}]}},"_links":{"self":[{"href":"https:\/\/rosaliadecastroexams.com\/pt-pt\/wp-json\/wp\/v2\/pages\/679"}],"collection":[{"href":"https:\/\/rosaliadecastroexams.com\/pt-pt\/wp-json\/wp\/v2\/pages"}],"about":[{"href":"https:\/\/rosaliadecastroexams.com\/pt-pt\/wp-json\/wp\/v2\/types\/page"}],"author":[{"embeddable":true,"href":"https:\/\/rosaliadecastroexams.com\/pt-pt\/wp-json\/wp\/v2\/users\/1"}],"replies":[{"embeddable":true,"href":"https:\/\/rosaliadecastroexams.com\/pt-pt\/wp-json\/wp\/v2\/comments?post=679"}],"version-history":[{"count":8,"href":"https:\/\/rosaliadecastroexams.com\/pt-pt\/wp-json\/wp\/v2\/pages\/679\/revisions"}],"predecessor-version":[{"id":3590,"href":"https:\/\/rosaliadecastroexams.com\/pt-pt\/wp-json\/wp\/v2\/pages\/679\/revisions\/3590"}],"wp:featuredmedia":[{"embeddable":true,"href":"https:\/\/rosaliadecastroexams.com\/pt-pt\/wp-json\/wp\/v2\/media\/668"}],"wp:attachment":[{"href":"https:\/\/rosaliadecastroexams.com\/pt-pt\/wp-json\/wp\/v2\/media?parent=679"}],"curies":[{"name":"wp","href":"https:\/\/api.w.org\/{rel}","templated":true}]}}