{"id":682,"date":"2017-03-06T19:27:37","date_gmt":"2017-03-06T18:27:37","guid":{"rendered":"http:\/\/rosaliadecastroexams.com\/recoge-tu-titulo\/"},"modified":"2018-02-22T11:07:13","modified_gmt":"2018-02-22T10:07:13","slug":"colecione-seu-titulo","status":"publish","type":"page","link":"https:\/\/rosaliadecastroexams.com\/pt-pt\/colecione-seu-titulo\/","title":{"rendered":"Colecione seu t\u00edtulo"},"content":{"rendered":"<div id=\"ez-toc-container\" class=\"ez-toc-v2_0_72 ez-toc-wrap-center counter-hierarchy ez-toc-counter ez-toc-grey ez-toc-container-direction\">\n<div class=\"ez-toc-title-container\">\n<p class=\"ez-toc-title\" style=\"cursor:inherit\">\u00cdndice de contenido<\/p>\n<span class=\"ez-toc-title-toggle\"><a href=\"#\" class=\"ez-toc-pull-right ez-toc-btn ez-toc-btn-xs ez-toc-btn-default ez-toc-toggle\" aria-label=\"Toggle Table of Content\"><span class=\"ez-toc-js-icon-con\"><span class=\"\"><span class=\"eztoc-hide\" style=\"display:none;\">Toggle<\/span><span class=\"ez-toc-icon-toggle-span\"><svg style=\"fill: #999;color:#999\" xmlns=\"http:\/\/www.w3.org\/2000\/svg\" class=\"list-377408\" width=\"20px\" height=\"20px\" viewBox=\"0 0 24 24\" fill=\"none\"><path d=\"M6 6H4v2h2V6zm14 0H8v2h12V6zM4 11h2v2H4v-2zm16 0H8v2h12v-2zM4 16h2v2H4v-2zm16 0H8v2h12v-2z\" fill=\"currentColor\"><\/path><\/svg><svg style=\"fill: #999;color:#999\" class=\"arrow-unsorted-368013\" xmlns=\"http:\/\/www.w3.org\/2000\/svg\" width=\"10px\" height=\"10px\" viewBox=\"0 0 24 24\" version=\"1.2\" baseProfile=\"tiny\"><path d=\"M18.2 9.3l-6.2-6.3-6.2 6.3c-.2.2-.3.4-.3.7s.1.5.3.7c.2.2.4.3.7.3h11c.3 0 .5-.1.7-.3.2-.2.3-.5.3-.7s-.1-.5-.3-.7zM5.8 14.7l6.2 6.3 6.2-6.3c.2-.2.3-.5.3-.7s-.1-.5-.3-.7c-.2-.2-.4-.3-.7-.3h-11c-.3 0-.5.1-.7.3-.2.2-.3.5-.3.7s.1.5.3.7z\"\/><\/svg><\/span><\/span><\/span><\/a><\/span><\/div>\n<nav><ul class='ez-toc-list ez-toc-list-level-1 ' ><li class='ez-toc-page-1 ez-toc-heading-level-2'><a class=\"ez-toc-link ez-toc-heading-1\" href=\"https:\/\/rosaliadecastroexams.com\/pt-pt\/colecione-seu-titulo\/#Quando_voce_fez_o_exame\" title=\"Quando voc\u00ea fez o exame?\">Quando voc\u00ea fez o exame?<\/a><\/li><\/ul><\/nav><\/div>\n<h2 style=\"text-align: center;\"><span class=\"ez-toc-section\" id=\"Quando_voce_fez_o_exame\"><\/span>Quando voc\u00ea fez o exame?<span class=\"ez-toc-section-end\"><\/span><\/h2>\n<p style=\"text-align: center;\">Dependendo da data do seu cadastro, voc\u00ea deve inscrever-se para o seu diploma na web ou no Cemdesk<\/p>\n","protected":false},"excerpt":{"rendered":"<p>Quando voc\u00ea fez o exame? Dependendo da data do seu cadastro, voc\u00ea deve inscrever-se para o seu diploma na web [&hellip;]<\/p>\n","protected":false},"author":1,"featured_media":0,"parent":0,"menu_order":0,"comment_status":"closed","ping_status":"closed","template":"template-recoge-tu-titulo.php","meta":[],"acf":[],"yoast_head":"<!-- This site is optimized with the Yoast SEO plugin v19.10 - https:\/\/yoast.com\/wordpress\/plugins\/seo\/ -->\n<title>Colecione seu t\u00edtulo - Cambridge English Examinations<\/title>\n<meta name=\"robots\" content=\"index, follow, max-snippet:-1, max-image-preview:large, max-video-preview:-1\" \/>\n<link rel=\"canonical\" href=\"https:\/\/rosaliadecastroexams.com\/pt-pt\/colecione-seu-titulo\/\" \/>\n<meta property=\"og:locale\" content=\"pt_PT\" \/>\n<meta property=\"og:type\" content=\"article\" \/>\n<meta property=\"og:title\" content=\"Colecione seu t\u00edtulo - Cambridge English Examinations\" \/>\n<meta property=\"og:description\" content=\"Quando voc\u00ea fez o exame? Dependendo da data do seu cadastro, voc\u00ea deve inscrever-se para o seu diploma na web [&hellip;]\" \/>\n<meta property=\"og:url\" content=\"https:\/\/rosaliadecastroexams.com\/pt-pt\/colecione-seu-titulo\/\" \/>\n<meta property=\"og:site_name\" content=\"Cambridge English Examinations\" \/>\n<meta property=\"article:modified_time\" content=\"2018-02-22T10:07:13+00:00\" \/>\n<meta name=\"twitter:card\" content=\"summary_large_image\" \/>\n<script type=\"application\/ld+json\" class=\"yoast-schema-graph\">{\"@context\":\"https:\/\/schema.org\",\"@graph\":[{\"@type\":\"WebPage\",\"@id\":\"https:\/\/rosaliadecastroexams.com\/pt-pt\/colecione-seu-titulo\/\",\"url\":\"https:\/\/rosaliadecastroexams.com\/pt-pt\/colecione-seu-titulo\/\",\"name\":\"Colecione seu t\u00edtulo - Cambridge English Examinations\",\"isPartOf\":{\"@id\":\"https:\/\/rosaliadecastroexams.com\/#website\"},\"datePublished\":\"2017-03-06T18:27:37+00:00\",\"dateModified\":\"2018-02-22T10:07:13+00:00\",\"breadcrumb\":{\"@id\":\"https:\/\/rosaliadecastroexams.com\/pt-pt\/colecione-seu-titulo\/#breadcrumb\"},\"inLanguage\":\"pt-PT\",\"potentialAction\":[{\"@type\":\"ReadAction\",\"target\":[\"https:\/\/rosaliadecastroexams.com\/pt-pt\/colecione-seu-titulo\/\"]}]},{\"@type\":\"BreadcrumbList\",\"@id\":\"https:\/\/rosaliadecastroexams.com\/pt-pt\/colecione-seu-titulo\/#breadcrumb\",\"itemListElement\":[{\"@type\":\"ListItem\",\"position\":1,\"name\":\"Portada\",\"item\":\"https:\/\/rosaliadecastroexams.com\/pt-pt\/\"},{\"@type\":\"ListItem\",\"position\":2,\"name\":\"Colecione seu t\u00edtulo\"}]},{\"@type\":\"WebSite\",\"@id\":\"https:\/\/rosaliadecastroexams.com\/#website\",\"url\":\"https:\/\/rosaliadecastroexams.com\/\",\"name\":\"Cambridge English Examinations\",\"description\":\"Asociaci\u00f3n Escola Rosal\u00eda de Castro\",\"potentialAction\":[{\"@type\":\"SearchAction\",\"target\":{\"@type\":\"EntryPoint\",\"urlTemplate\":\"https:\/\/rosaliadecastroexams.com\/?s={search_term_string}\"},\"query-input\":\"required name=search_term_string\"}],\"inLanguage\":\"pt-PT\"}]}<\/script>\n<!-- \/ Yoast SEO plugin. -->","yoast_head_json":{"title":"Colecione seu t\u00edtulo - Cambridge English Examinations","robots":{"index":"index","follow":"follow","max-snippet":"max-snippet:-1","max-image-preview":"max-image-preview:large","max-video-preview":"max-video-preview:-1"},"canonical":"https:\/\/rosaliadecastroexams.com\/pt-pt\/colecione-seu-titulo\/","og_locale":"pt_PT","og_type":"article","og_title":"Colecione seu t\u00edtulo - Cambridge English Examinations","og_description":"Quando voc\u00ea fez o exame? Dependendo da data do seu cadastro, voc\u00ea deve inscrever-se para o seu diploma na web [&hellip;]","og_url":"https:\/\/rosaliadecastroexams.com\/pt-pt\/colecione-seu-titulo\/","og_site_name":"Cambridge English Examinations","article_modified_time":"2018-02-22T10:07:13+00:00","twitter_card":"summary_large_image","schema":{"@context":"https:\/\/schema.org","@graph":[{"@type":"WebPage","@id":"https:\/\/rosaliadecastroexams.com\/pt-pt\/colecione-seu-titulo\/","url":"https:\/\/rosaliadecastroexams.com\/pt-pt\/colecione-seu-titulo\/","name":"Colecione seu t\u00edtulo - Cambridge English Examinations","isPartOf":{"@id":"https:\/\/rosaliadecastroexams.com\/#website"},"datePublished":"2017-03-06T18:27:37+00:00","dateModified":"2018-02-22T10:07:13+00:00","breadcrumb":{"@id":"https:\/\/rosaliadecastroexams.com\/pt-pt\/colecione-seu-titulo\/#breadcrumb"},"inLanguage":"pt-PT","potentialAction":[{"@type":"ReadAction","target":["https:\/\/rosaliadecastroexams.com\/pt-pt\/colecione-seu-titulo\/"]}]},{"@type":"BreadcrumbList","@id":"https:\/\/rosaliadecastroexams.com\/pt-pt\/colecione-seu-titulo\/#breadcrumb","itemListElement":[{"@type":"ListItem","position":1,"name":"Portada","item":"https:\/\/rosaliadecastroexams.com\/pt-pt\/"},{"@type":"ListItem","position":2,"name":"Colecione seu t\u00edtulo"}]},{"@type":"WebSite","@id":"https:\/\/rosaliadecastroexams.com\/#website","url":"https:\/\/rosaliadecastroexams.com\/","name":"Cambridge English Examinations","description":"Asociaci\u00f3n Escola Rosal\u00eda de Castro","potentialAction":[{"@type":"SearchAction","target":{"@type":"EntryPoint","urlTemplate":"https:\/\/rosaliadecastroexams.com\/?s={search_term_string}"},"query-input":"required name=search_term_string"}],"inLanguage":"pt-PT"}]}},"_links":{"self":[{"href":"https:\/\/rosaliadecastroexams.com\/pt-pt\/wp-json\/wp\/v2\/pages\/682"}],"collection":[{"href":"https:\/\/rosaliadecastroexams.com\/pt-pt\/wp-json\/wp\/v2\/pages"}],"about":[{"href":"https:\/\/rosaliadecastroexams.com\/pt-pt\/wp-json\/wp\/v2\/types\/page"}],"author":[{"embeddable":true,"href":"https:\/\/rosaliadecastroexams.com\/pt-pt\/wp-json\/wp\/v2\/users\/1"}],"replies":[{"embeddable":true,"href":"https:\/\/rosaliadecastroexams.com\/pt-pt\/wp-json\/wp\/v2\/comments?post=682"}],"version-history":[{"count":1,"href":"https:\/\/rosaliadecastroexams.com\/pt-pt\/wp-json\/wp\/v2\/pages\/682\/revisions"}],"predecessor-version":[{"id":903,"href":"https:\/\/rosaliadecastroexams.com\/pt-pt\/wp-json\/wp\/v2\/pages\/682\/revisions\/903"}],"wp:attachment":[{"href":"https:\/\/rosaliadecastroexams.com\/pt-pt\/wp-json\/wp\/v2\/media?parent=682"}],"curies":[{"name":"wp","href":"https:\/\/api.w.org\/{rel}","templated":true}]}}