{"id":683,"date":"2016-12-29T10:22:33","date_gmt":"2016-12-29T10:22:33","guid":{"rendered":"http:\/\/rosaliadecastroexams.com\/reglamento\/"},"modified":"2023-01-26T10:08:10","modified_gmt":"2023-01-26T09:08:10","slug":"reglamento","status":"publish","type":"page","link":"https:\/\/rosaliadecastroexams.com\/pt-pt\/reglamento\/","title":{"rendered":"Reglamento"},"content":{"rendered":"<div id=\"ez-toc-container\" class=\"ez-toc-v2_0_72 ez-toc-wrap-center counter-hierarchy ez-toc-counter ez-toc-grey ez-toc-container-direction\">\n<div class=\"ez-toc-title-container\">\n<p class=\"ez-toc-title\" style=\"cursor:inherit\">\u00cdndice de contenido<\/p>\n<span class=\"ez-toc-title-toggle\"><a href=\"#\" class=\"ez-toc-pull-right ez-toc-btn ez-toc-btn-xs ez-toc-btn-default ez-toc-toggle\" aria-label=\"Toggle Table of Content\"><span class=\"ez-toc-js-icon-con\"><span class=\"\"><span class=\"eztoc-hide\" style=\"display:none;\">Toggle<\/span><span class=\"ez-toc-icon-toggle-span\"><svg style=\"fill: #999;color:#999\" xmlns=\"http:\/\/www.w3.org\/2000\/svg\" class=\"list-377408\" width=\"20px\" height=\"20px\" viewBox=\"0 0 24 24\" fill=\"none\"><path d=\"M6 6H4v2h2V6zm14 0H8v2h12V6zM4 11h2v2H4v-2zm16 0H8v2h12v-2zM4 16h2v2H4v-2zm16 0H8v2h12v-2z\" fill=\"currentColor\"><\/path><\/svg><svg style=\"fill: #999;color:#999\" class=\"arrow-unsorted-368013\" xmlns=\"http:\/\/www.w3.org\/2000\/svg\" width=\"10px\" height=\"10px\" viewBox=\"0 0 24 24\" version=\"1.2\" baseProfile=\"tiny\"><path d=\"M18.2 9.3l-6.2-6.3-6.2 6.3c-.2.2-.3.4-.3.7s.1.5.3.7c.2.2.4.3.7.3h11c.3 0 .5-.1.7-.3.2-.2.3-.5.3-.7s-.1-.5-.3-.7zM5.8 14.7l6.2 6.3 6.2-6.3c.2-.2.3-.5.3-.7s-.1-.5-.3-.7c-.2-.2-.4-.3-.7-.3h-11c-.3 0-.5.1-.7.3-.2.2-.3.5-.3.7s.1.5.3.7z\"\/><\/svg><\/span><\/span><\/span><\/a><\/span><\/div>\n<nav><ul class='ez-toc-list ez-toc-list-level-1 ' ><li class='ez-toc-page-1 ez-toc-heading-level-2'><a class=\"ez-toc-link ez-toc-heading-1\" href=\"https:\/\/rosaliadecastroexams.com\/pt-pt\/reglamento\/#Resumen_de_normativa_para_candidatos_2015\" title=\"Resumen de normativa para candidatos 2015\">Resumen de normativa para candidatos 2015<\/a><ul class='ez-toc-list-level-3' ><li class='ez-toc-heading-level-3'><a class=\"ez-toc-link ez-toc-heading-2\" href=\"https:\/\/rosaliadecastroexams.com\/pt-pt\/reglamento\/#1_%C2%BFQuien_pueden_realizar_estos_examenes\" title=\"1. \u00bfQui\u00e9n pueden realizar estos ex\u00e1menes?\">1. \u00bfQui\u00e9n pueden realizar estos ex\u00e1menes?<\/a><\/li><li class='ez-toc-page-1 ez-toc-heading-level-3'><a class=\"ez-toc-link ez-toc-heading-3\" href=\"https:\/\/rosaliadecastroexams.com\/pt-pt\/reglamento\/#2_Proceso_de_inscripcion\" title=\"2. Proceso de inscripci\u00f3n\">2. Proceso de inscripci\u00f3n<\/a><\/li><li class='ez-toc-page-1 ez-toc-heading-level-3'><a class=\"ez-toc-link ez-toc-heading-4\" href=\"https:\/\/rosaliadecastroexams.com\/pt-pt\/reglamento\/#3_Requisitos_especiales\" title=\"3. Requisitos especiales\">3. Requisitos especiales<\/a><\/li><li class='ez-toc-page-1 ez-toc-heading-level-3'><a class=\"ez-toc-link ez-toc-heading-5\" href=\"https:\/\/rosaliadecastroexams.com\/pt-pt\/reglamento\/#4_Realizar_el_examen\" title=\"4. Realizar el examen\">4. Realizar el examen<\/a><\/li><li class='ez-toc-page-1 ez-toc-heading-level-3'><a class=\"ez-toc-link ez-toc-heading-6\" href=\"https:\/\/rosaliadecastroexams.com\/pt-pt\/reglamento\/#5_Despues_del_examen\" title=\"5. Despu\u00e9s del examen\">5. Despu\u00e9s del examen<\/a><\/li><li class='ez-toc-page-1 ez-toc-heading-level-3'><a class=\"ez-toc-link ez-toc-heading-7\" href=\"https:\/\/rosaliadecastroexams.com\/pt-pt\/reglamento\/#6_Certificados\" title=\"6. Certificados\">6. Certificados<\/a><\/li><li class='ez-toc-page-1 ez-toc-heading-level-3'><a class=\"ez-toc-link ez-toc-heading-8\" href=\"https:\/\/rosaliadecastroexams.com\/pt-pt\/reglamento\/#7_Copyright\" title=\"7. Copyright\">7. Copyright<\/a><\/li><li class='ez-toc-page-1 ez-toc-heading-level-3'><a class=\"ez-toc-link ez-toc-heading-9\" href=\"https:\/\/rosaliadecastroexams.com\/pt-pt\/reglamento\/#8_Proteccion_de_datos\" title=\"8. Protecci\u00f3n de datos\">8. Protecci\u00f3n de datos<\/a><\/li><\/ul><\/li><\/ul><\/nav><\/div>\n<h2><span class=\"ez-toc-section\" id=\"Resumen_de_normativa_para_candidatos_2015\"><\/span>Resumen de normativa para candidatos 2015<span class=\"ez-toc-section-end\"><\/span><\/h2>\n<p>Este documento contiene un resumen de la informaci\u00f3n necesaria para realizar un examen de Cambridge English Language Assessment. Su fin es meramente informativo, siendo una traducci\u00f3n fiel del documento original (CE\/3098\/4Y12). Es necesario leerlo con atenci\u00f3n. En el caso de que haya algo que no entienda, por favor consulte con su centro. El conjunto completo de normas en las que se establecen sus derechos y obligaciones como candidato est\u00e1n recogidas en el cuadernillo de Normas que est\u00e1 a su disposici\u00f3n en su centro y que tambi\u00e9n puede descargarse en www.cambridgeenglish.org\/help\/.<\/p>\n<ul>\n<li><strong>Cambridge English Language Assessment<\/strong>: parte integrante de la mayor instituci\u00f3n de evaluaci\u00f3n de Europa, Cambridge Assessment (el nombre comercial de UCLES, un departamento no docente de University of Cambridge).<\/li>\n<li><strong>Centro<\/strong>: un centro examinador autorizado por Cambridge English Language Assessment. Los centros son instituciones independientes y Cambridge English Language Assessment no se responsabiliza en medida alguna de las acciones u omisiones de los centros.<\/li>\n<li><strong>Candidato<\/strong>: persona que se ha inscrito para realizar un examen Cambridge English<\/li>\n<\/ul>\n<h3><span class=\"ez-toc-section\" id=\"1_%C2%BFQuien_pueden_realizar_estos_examenes\"><\/span><strong>1. \u00bfQui\u00e9n pueden realizar estos ex\u00e1menes?<\/strong><span class=\"ez-toc-section-end\"><\/span><\/h3>\n<ul>\n<li>Cualquier persona independientemente de su edad, g\u00e9nero, raza, nacionalidad o religi\u00f3n puede realizar los ex\u00e1menes Cambridge English. A pesar de que est\u00e1n dise\u00f1ados para personas nativas de otros idiomas que no sean el ingl\u00e9s, no existe restricci\u00f3n alguna en cuanto a lengua materna.<\/li>\n<\/ul>\n<h3><span class=\"ez-toc-section\" id=\"2_Proceso_de_inscripcion\"><\/span><strong>2. Proceso de inscripci\u00f3n<\/strong><span class=\"ez-toc-section-end\"><\/span><\/h3>\n<ul>\n<li>Debe realizar la inscripci\u00f3n a examen a trav\u00e9s de un centro. Usted establece una relaci\u00f3n contractual con el centro y es a \u00e9ste al que le realiza el pago de las tasas de examen.<\/li>\n<li>Para algunos ex\u00e1menes existe la posibilidad de que haya m\u00e1s de una convocatoria el mismo mes. No existe restricci\u00f3n alguna respecto al n\u00famero de veces que se puede realizar un mismo examen a lo largo de un mismo mes, sujeto a las fechas de examen publicadas en www.cambridgeenglish.org y a las fechas de examen que su centro decida ofrecer.<\/li>\n<li>Deber\u00e1 realizar todas las pruebas que componen el examen en la fecha indicada.<\/li>\n<li>No se permite realizar parte de las pruebas en una convocatoria y las restantes en otra.<\/li>\n<li>No se permite transferir la matricula para una convocatoria de examen a otra futura, o a un examen de otro nivel.<\/li>\n<\/ul>\n<h3><span class=\"ez-toc-section\" id=\"3_Requisitos_especiales\"><\/span><strong>3. Requisitos especiales<\/strong><span class=\"ez-toc-section-end\"><\/span><\/h3>\n<ul>\n<li>Cambridge English Language Assessment tratar\u00e1 siempre de tomar las medidas necesarias para aquellos candidatos que tengan necesidades o requisitos especiales (por ejemplo proporcionar m\u00e1s tiempo o cuadernillos adaptados).<\/li>\n<li>En el caso de que tenga usted alguna necesidad o requisito especial deber\u00e1 comunic\u00e1rselo a su centro cuanto antes, puesto que \u00e9ste deber\u00e1 enviar su solicitud a Cambridge English Language Assessment con entre 8 y 12 semanas de antelaci\u00f3n al examen (dependiendo de lo requerido y del examen que se vaya a realizar). Para algunos ex\u00e1menes puede ser necesario avisar con 3 meses de antelaci\u00f3n.<\/li>\n<\/ul>\n<h3><span class=\"ez-toc-section\" id=\"4_Realizar_el_examen\"><\/span><strong>4. Realizar el examen<\/strong><span class=\"ez-toc-section-end\"><\/span><\/h3>\n<ul>\n<li>El centro se ocupar\u00e1 de proporcionarle toda la informaci\u00f3n acerca de cu\u00e1ndo y d\u00f3nde tendr\u00e1 lugar el examen. Es su responsabilidad asegurarse de llegar a la hora adecuada y llevar con usted los l\u00e1pices, bol\u00edgrafos, etc, que pueda necesitar para el examen.<\/li>\n<li>Los candidatos deber\u00e1n llevar un documento de identidad con fotograf\u00eda. El documento deber\u00e1 ser un documento de identidad nacional original, v\u00e1lido y no caducado. Si pretende utilizar su certificado para solicitar un visado para el Reino Unido o para fines migratorios, deber\u00e1 usted informar a su centro en el momento de realizar su inscripci\u00f3n, ya que existen normativas adicionales que el centro deber\u00e1 cumplir.<\/li>\n<li>En el caso de ser demasiado joven para tener documento de identidad nacional, deber\u00e1 notific\u00e1rselo al centro en el momento de realizar la inscripci\u00f3n a examen. El centro se ocupar\u00e1 de proporcionarle en dicho caso un formulario de Identificaci\u00f3n de Candidato, que deber\u00e1 cumplimentarse antes del d\u00eda del examen y que el candidato deber\u00e1 llevar consigo tal d\u00eda.<\/li>\n<li>En el caso de que el candidato no lleve consigo un documento de identificaci\u00f3n v\u00e1lido, ni el formulario de Identificaci\u00f3n de Candidatos, no se le permitir\u00e1 realizar el examen.<\/li>\n<li>Si tiene 18 a\u00f1os o m\u00e1s y reside en un pa\u00eds en el que no existen documentos de identificaci\u00f3n obligatorios, por favor contacte con su centro.<\/li>\n<li>El centro le entregar\u00e1 una copia del documento Notice to Candidates en la que se le indica c\u00f3mo ha de comportarse en el examen. Deber\u00e1 leerlo con atenci\u00f3n. En el caso de que no se respeten las indicaciones, no se le permitir\u00e1 finalizar el examen, o bien no se emitir\u00e1 su calificaci\u00f3n.<\/li>\n<li>No se tolerar\u00e1 el uso de vocabulario ofensivo, grosero o racista en sus respuestas de examen. Si el examinador se encontrara con este tipo de vocabulario, podr\u00eda no correg\u00edrsele el examen o no serle entregada una calificaci\u00f3n. La decisi\u00f3n de Cambridge English Language Assessment a este respecto es inamovible.<\/li>\n<li>Se le pedir\u00e1 que cumplimente un formulario de informaci\u00f3n sobre el candidato llamado Candidate Information Sheet. Cambridge English Language Assessment utiliza esta informaci\u00f3n para su programa de investigaci\u00f3n y desarrollo ling\u00fc\u00edsticos, ideado para mejorar la calidad de los ex\u00e1menes. La informaci\u00f3n que ofrezca ser\u00e1 totalmente an\u00f3nima y se tratar\u00e1 con la m\u00e1xima confidencialidad.<\/li>\n<li>Puede que le pidan que realice un breve \u201ctest de anclaje\u201d. Cambridge English Language Assessment utiliza esta informaci\u00f3n en su programa de control de calidad. El \u201ctest de anclaje\u201d no afectar\u00e1 a su calificaci\u00f3n en el examen.<\/li>\n<li>Es posible que se grabe su prueba de Expresi\u00f3n Oral (Speaking) como parte de los procedimientos de control de calidad de Cambridge English Language Assessment.<\/li>\n<li>Si va a realizar alguno de los siguientes ex\u00e1menes: Cambridge English: Preliminary, Cambridge English: First, Cambridge English: Advanced, Cambridge English: Proficiency, Cambridge English: Business Certificates, Cambridge English: Legal, Cambridge English: Financial, se le har\u00e1 una fotograf\u00eda el d\u00eda del examen como medida adicional para comprobar su identidad (este listado puede verse sujeto a cambios). Para los ex\u00e1menes KET y Skills for Life, deber\u00e1 usted informar a su centro si desea usar su certificado para fines migratorios, para que as\u00ed su centro le pueda ofrecer este servicio. Esta fotograf\u00eda s\u00f3lo estar\u00e1 visible en la p\u00e1gina web de verificaci\u00f3n de resultados www.cambridgeenglish.org\/verifiers y usted decidir\u00e1 qui\u00e9n puede acceder a ella compartiendo sus c\u00f3digos ID Number y Secret Number. Para m\u00e1s informaci\u00f3n consulte con su centro.<\/li>\n<li>Si el d\u00eda de examen no se encuentra bien o cree que su rendimiento podr\u00eda verse afectado por cualquier otro motivo, h\u00e1gaselo saber al supervisor inmediatamente. De ser oportuno, el centro se lo comunicar\u00e1 a Cambridge English Language Assessment para que lo tengan en cuenta al decidir su calificaci\u00f3n.<\/li>\n<li>En el caso de que no asista al examen por estar enfermo puede que se le permita recibir un reembolso total o parcial. Para que se pueda considerer dicha medida, deber\u00e1 presentar un certificado m\u00e9dico que lo atestig\u00fce en su centro.<\/li>\n<\/ul>\n<h3><span class=\"ez-toc-section\" id=\"5_Despues_del_examen\"><\/span><strong>5. Despu\u00e9s del examen<\/strong><span class=\"ez-toc-section-end\"><\/span><\/h3>\n<ul>\n<li>Cambridge English Language Assessment no se responsabiliza de la p\u00e9rdida de los textos o materiales de examen en los traslados desde el centro y\/o lugar de realizaci\u00f3n de examen a Cambridge.<\/li>\n<li>Para algunos ex\u00e1menes las calificaciones estar\u00e1n disponibles en la p\u00e1gina web de candidatos en las fechas que se hayan especificado. Su centro le proporcionar\u00e1 acceso a la p\u00e1gina. Para otros ex\u00e1menes, se enviar\u00e1n las calificaciones por correo a su centro y desde all\u00ed se le har\u00e1n llegar a usted. Cambridge English Language Assessment podr\u00eda modificar el grado de las calificaciones en circunstancias excepcionales.<\/li>\n<li>Cambridge English Language Assessment se reserva el derecho a no emitir las calificaciones de aquellos candidatos que se nieguen a hacerse la foto el d\u00eda del examen all\u00ed d\u00f3nde as\u00ed se requiera, o de aquellos que incumplan las normas. Asimismo queda reservado el derecho a cancelar o cambiar resultados si se considerara que estos no son v\u00e1lidos.<\/li>\n<li>Si usted incumple la normativa en alguna de las partes del examen, puede no recibir resultado alguno para ninguna de las partes del examen o titulaci\u00f3n.<br \/>\nEn el caso de que usted estime que su calificaci\u00f3n no es correcta, por favor p\u00f3ngase en contacto con su centro de manera inmediata y all\u00ed le indicar\u00e1n detalladamente el proceso de revisi\u00f3n y reclamaci\u00f3n, as\u00ed como las correspondientes tasas. Esta informaci\u00f3n tambi\u00e9n se encuentra disponible en www.cambridgeenglish.org.<\/li>\n<li>Cambridge English Language Assessment no proporcionar\u00e1 informaci\u00f3n sobre su rendimiento en preguntas individuales. Toda la informaci\u00f3n disponible estar\u00e1 contenida en su documento Statement of Results.<br \/>\n<h3><\/h3>\n<h3><span class=\"ez-toc-section\" id=\"6_Certificados\"><\/span><strong> 6. Certificados<\/strong><span class=\"ez-toc-section-end\"><\/span><\/h3>\n<\/li>\n<li>Si realiz\u00f3 el examen en soporte papel, su centro le entregar\u00e1 su certificado transcurridas aproximadamente cuatro semanas desde la emisi\u00f3n de resultados. Para los ex\u00e1menes asistidos por ordenador, el plazo ser\u00e1 de aproximadamente dos semanas desde la emisi\u00f3n de resultados. Los certificados que no se reclamen ser\u00e1n destruidos por el centro transcurridos dos a\u00f1os.<\/li>\n<li>Su certificado Cambridge English Language Assessment es un documento importante que cuenta con una serie de caracter\u00edsticas de seguridad. Si extrav\u00eda su certificado y necesita dar muestra de su resultado puede solicitar un Certifying Statement, que ofrece una confirmaci\u00f3n oficial de su resultado. Este servicio conlleva una tasa adicional. El formulario para solicitar dicho documento de certificaci\u00f3n se encuentra disponible en www.cambridgeenglish.org.<br \/>\n<h3><span class=\"ez-toc-section\" id=\"7_Copyright\"><\/span><strong>7. Copyright<\/strong><span class=\"ez-toc-section-end\"><\/span><\/h3>\n<\/li>\n<li>Cambridge English Language Assessment es el propietario de los derechos de propiedad intelectual de todos los contenidos y materiales de examen. No debe sacar del aula del examen ning\u00fan cuadernillo de preguntas, anotaciones ni ning\u00fan otro material de examen.<\/li>\n<li>Cambridge English Language Assessment no permite que los candidatos, colegios o centros vean las respuestas de los candidatos o cualquier otro trabajo que forme parte del examen.<\/li>\n<li>Cambridge English Language Assessment no devolver\u00e1 el trabajo realizado durante el examen ni a los candidatos ni a los centros de ense\u00f1anza.<\/li>\n<\/ul>\n<h3><span class=\"ez-toc-section\" id=\"8_Proteccion_de_datos\"><\/span><strong>8. Protecci\u00f3n de datos<\/strong><span class=\"ez-toc-section-end\"><\/span><\/h3>\n<ul>\n<li>Cambridge English Language Assessment cumple con las leyes de Protecci\u00f3n de Datos del Reino Unido y se requiere que los centros cumplan las leyes locales de protecci\u00f3n de datos y privacidad. La informaci\u00f3n de los candidatos se guardar\u00e1 de manera segura durante un per\u00edodo limitado de tiempo. Sin embargo, aquella informaci\u00f3n que pueda ser necesaria para confirmar y verificar su resultado se mantendr\u00e1 durante un tiempo ilimitado.<\/li>\n<li>Cambridge English Language Assessment no utilizar\u00e1 su informaci\u00f3n personal para cualquier prop\u00f3sito distinto de los ex\u00e1menes, excepto en lo especificado a continuaci\u00f3n. Asimismo, si la informaci\u00f3n que proporciona se utiliza para contactar con usted con fines comerciales, se le ofrecer\u00e1 la posibilidad de no ser contactado de nuevo.<\/li>\n<li>La informaci\u00f3n proporcionada de cara a la inscripci\u00f3n en un examen Cambridge English se emplear\u00e1 en la administraci\u00f3n del examen, y podr\u00eda utilizarse en el programa de control de calidad de Cambridge English Language Assessment, en actividades de investigaci\u00f3n y desarrollo o para ofrecerle informaci\u00f3n sobre otros productos y servicios de Cambridge. Cambridge University Press tambi\u00e9n podr\u00e1 usar informaci\u00f3n para tales fines.<\/li>\n<li>El trabajo que se produzca durante los ex\u00e1menes se utilizar\u00e1 para la evaluaci\u00f3n del rendimiento en el examen. El trabajo escrito y las grabaciones de v\u00eddeo y audio (si las hubiere) de las pruebas de Expresi\u00f3n Oral de los candidatos tambi\u00e9n podr\u00edan usarse como parte de las actividades de control de calidad, investigaci\u00f3n y desarrollo de Cambridge English Language Assessment. Asimismo, tambi\u00e9n se podr\u00edan publicar en materiales de preparaci\u00f3n para ex\u00e1menes. Esto podr\u00eda incluir actividades dentro de Cambridge University, como con Cambridge University Press.<\/li>\n<li>Su documento Statement of Results ser\u00e1 puesto a disposici\u00f3n de su centro y, en su caso, a la del centro educativo en el que se haya preparado para el examen. Podr\u00eda tambi\u00e9n ser enviado a otra tercera parte autorizada como confirmaci\u00f3n. Cuando usted as\u00ed lo autorice, terceras partes podr\u00e1n acceder a dicho documento con fines de verificaci\u00f3n.<\/li>\n<li>Si habiendo sospecha por conducta ilegal o inmoral se le investigara, su informaci\u00f3n personal y datos de la investigaci\u00f3n podr\u00edan ser enviados a terceras partes. Por ejemplo, si quisiera utilizar su resultado para obtener un visado, podr\u00edamos tener que compartir dicha informaci\u00f3n con las autoridades de inmigraci\u00f3n correspondientes.<\/li>\n<\/ul>\n","protected":false},"excerpt":{"rendered":"<p>Resumen de normativa para candidatos 2015 Este documento contiene un resumen de la informaci\u00f3n necesaria para realizar un examen de [&hellip;]<\/p>\n","protected":false},"author":1,"featured_media":668,"parent":0,"menu_order":0,"comment_status":"closed","ping_status":"closed","template":"","meta":[],"acf":[],"yoast_head":"<!-- This site is optimized with the Yoast SEO plugin v19.10 - https:\/\/yoast.com\/wordpress\/plugins\/seo\/ -->\n<title>Reglamento | Cambridge English Exams<\/title>\n<meta name=\"description\" content=\"Aqu\u00ed te presentamos un resumen de la normativa para candidatos que van a realizar un examen de Cambridge English\" \/>\n<meta name=\"robots\" content=\"index, follow, max-snippet:-1, max-image-preview:large, max-video-preview:-1\" \/>\n<link rel=\"canonical\" href=\"https:\/\/rosaliadecastroexams.com\/pt-pt\/reglamento\/\" \/>\n<meta property=\"og:locale\" content=\"pt_PT\" \/>\n<meta property=\"og:type\" content=\"article\" \/>\n<meta property=\"og:title\" content=\"Reglamento | Cambridge English Exams\" \/>\n<meta property=\"og:description\" content=\"Aqu\u00ed te presentamos un resumen de la normativa para candidatos que van a realizar un examen de Cambridge English\" \/>\n<meta property=\"og:url\" content=\"https:\/\/rosaliadecastroexams.com\/pt-pt\/reglamento\/\" \/>\n<meta property=\"og:site_name\" content=\"Cambridge English Examinations\" \/>\n<meta property=\"article:modified_time\" content=\"2023-01-26T09:08:10+00:00\" \/>\n<meta property=\"og:image\" content=\"https:\/\/rosaliadecastroexams.com\/wp-content\/uploads\/2016\/12\/imagen_interior_cambridge.jpg\" \/>\n\t<meta property=\"og:image:width\" content=\"983\" \/>\n\t<meta property=\"og:image:height\" content=\"133\" \/>\n\t<meta property=\"og:image:type\" content=\"image\/jpeg\" \/>\n<meta name=\"twitter:card\" content=\"summary_large_image\" \/>\n<meta name=\"twitter:label1\" content=\"Tempo estimado de leitura\" \/>\n\t<meta name=\"twitter:data1\" content=\"9 minutos\" \/>\n<script type=\"application\/ld+json\" class=\"yoast-schema-graph\">{\"@context\":\"https:\/\/schema.org\",\"@graph\":[{\"@type\":\"WebPage\",\"@id\":\"https:\/\/rosaliadecastroexams.com\/pt-pt\/reglamento\/\",\"url\":\"https:\/\/rosaliadecastroexams.com\/pt-pt\/reglamento\/\",\"name\":\"Reglamento | Cambridge English Exams\",\"isPartOf\":{\"@id\":\"https:\/\/rosaliadecastroexams.com\/#website\"},\"datePublished\":\"2016-12-29T10:22:33+00:00\",\"dateModified\":\"2023-01-26T09:08:10+00:00\",\"description\":\"Aqu\u00ed te presentamos un resumen de la normativa para candidatos que van a realizar un examen de Cambridge English\",\"breadcrumb\":{\"@id\":\"https:\/\/rosaliadecastroexams.com\/pt-pt\/reglamento\/#breadcrumb\"},\"inLanguage\":\"pt-PT\",\"potentialAction\":[{\"@type\":\"ReadAction\",\"target\":[\"https:\/\/rosaliadecastroexams.com\/pt-pt\/reglamento\/\"]}]},{\"@type\":\"BreadcrumbList\",\"@id\":\"https:\/\/rosaliadecastroexams.com\/pt-pt\/reglamento\/#breadcrumb\",\"itemListElement\":[{\"@type\":\"ListItem\",\"position\":1,\"name\":\"Portada\",\"item\":\"https:\/\/rosaliadecastroexams.com\/pt-pt\/\"},{\"@type\":\"ListItem\",\"position\":2,\"name\":\"Reglamento\"}]},{\"@type\":\"WebSite\",\"@id\":\"https:\/\/rosaliadecastroexams.com\/#website\",\"url\":\"https:\/\/rosaliadecastroexams.com\/\",\"name\":\"Cambridge English Examinations\",\"description\":\"Asociaci\u00f3n Escola Rosal\u00eda de Castro\",\"potentialAction\":[{\"@type\":\"SearchAction\",\"target\":{\"@type\":\"EntryPoint\",\"urlTemplate\":\"https:\/\/rosaliadecastroexams.com\/?s={search_term_string}\"},\"query-input\":\"required name=search_term_string\"}],\"inLanguage\":\"pt-PT\"}]}<\/script>\n<!-- \/ Yoast SEO plugin. -->","yoast_head_json":{"title":"Reglamento | Cambridge English Exams","description":"Aqu\u00ed te presentamos un resumen de la normativa para candidatos que van a realizar un examen de Cambridge English","robots":{"index":"index","follow":"follow","max-snippet":"max-snippet:-1","max-image-preview":"max-image-preview:large","max-video-preview":"max-video-preview:-1"},"canonical":"https:\/\/rosaliadecastroexams.com\/pt-pt\/reglamento\/","og_locale":"pt_PT","og_type":"article","og_title":"Reglamento | Cambridge English Exams","og_description":"Aqu\u00ed te presentamos un resumen de la normativa para candidatos que van a realizar un examen de Cambridge English","og_url":"https:\/\/rosaliadecastroexams.com\/pt-pt\/reglamento\/","og_site_name":"Cambridge English Examinations","article_modified_time":"2023-01-26T09:08:10+00:00","og_image":[{"width":983,"height":133,"url":"https:\/\/rosaliadecastroexams.com\/wp-content\/uploads\/2016\/12\/imagen_interior_cambridge.jpg","type":"image\/jpeg"}],"twitter_card":"summary_large_image","twitter_misc":{"Tempo estimado de leitura":"9 minutos"},"schema":{"@context":"https:\/\/schema.org","@graph":[{"@type":"WebPage","@id":"https:\/\/rosaliadecastroexams.com\/pt-pt\/reglamento\/","url":"https:\/\/rosaliadecastroexams.com\/pt-pt\/reglamento\/","name":"Reglamento | Cambridge English Exams","isPartOf":{"@id":"https:\/\/rosaliadecastroexams.com\/#website"},"datePublished":"2016-12-29T10:22:33+00:00","dateModified":"2023-01-26T09:08:10+00:00","description":"Aqu\u00ed te presentamos un resumen de la normativa para candidatos que van a realizar un examen de Cambridge English","breadcrumb":{"@id":"https:\/\/rosaliadecastroexams.com\/pt-pt\/reglamento\/#breadcrumb"},"inLanguage":"pt-PT","potentialAction":[{"@type":"ReadAction","target":["https:\/\/rosaliadecastroexams.com\/pt-pt\/reglamento\/"]}]},{"@type":"BreadcrumbList","@id":"https:\/\/rosaliadecastroexams.com\/pt-pt\/reglamento\/#breadcrumb","itemListElement":[{"@type":"ListItem","position":1,"name":"Portada","item":"https:\/\/rosaliadecastroexams.com\/pt-pt\/"},{"@type":"ListItem","position":2,"name":"Reglamento"}]},{"@type":"WebSite","@id":"https:\/\/rosaliadecastroexams.com\/#website","url":"https:\/\/rosaliadecastroexams.com\/","name":"Cambridge English Examinations","description":"Asociaci\u00f3n Escola Rosal\u00eda de Castro","potentialAction":[{"@type":"SearchAction","target":{"@type":"EntryPoint","urlTemplate":"https:\/\/rosaliadecastroexams.com\/?s={search_term_string}"},"query-input":"required name=search_term_string"}],"inLanguage":"pt-PT"}]}},"_links":{"self":[{"href":"https:\/\/rosaliadecastroexams.com\/pt-pt\/wp-json\/wp\/v2\/pages\/683"}],"collection":[{"href":"https:\/\/rosaliadecastroexams.com\/pt-pt\/wp-json\/wp\/v2\/pages"}],"about":[{"href":"https:\/\/rosaliadecastroexams.com\/pt-pt\/wp-json\/wp\/v2\/types\/page"}],"author":[{"embeddable":true,"href":"https:\/\/rosaliadecastroexams.com\/pt-pt\/wp-json\/wp\/v2\/users\/1"}],"replies":[{"embeddable":true,"href":"https:\/\/rosaliadecastroexams.com\/pt-pt\/wp-json\/wp\/v2\/comments?post=683"}],"version-history":[{"count":1,"href":"https:\/\/rosaliadecastroexams.com\/pt-pt\/wp-json\/wp\/v2\/pages\/683\/revisions"}],"predecessor-version":[{"id":3556,"href":"https:\/\/rosaliadecastroexams.com\/pt-pt\/wp-json\/wp\/v2\/pages\/683\/revisions\/3556"}],"wp:featuredmedia":[{"embeddable":true,"href":"https:\/\/rosaliadecastroexams.com\/pt-pt\/wp-json\/wp\/v2\/media\/668"}],"wp:attachment":[{"href":"https:\/\/rosaliadecastroexams.com\/pt-pt\/wp-json\/wp\/v2\/media?parent=683"}],"curies":[{"name":"wp","href":"https:\/\/api.w.org\/{rel}","templated":true}]}}